{"id":874,"date":"2024-03-27T09:00:17","date_gmt":"2024-03-27T08:00:17","guid":{"rendered":"https:\/\/gtegroupe.com\/?page_id=874"},"modified":"2024-06-17T11:02:08","modified_gmt":"2024-06-17T09:02:08","slug":"recrutement-di","status":"publish","type":"page","link":"https:\/\/gtegroupe.com\/index.php\/on-recrute\/recrutement-di\/","title":{"rendered":"Recrutement DI"},"content":{"rendered":"\t\t<div data-elementor-type=\"wp-page\" data-elementor-id=\"874\" class=\"elementor elementor-874\">\n\t\t\t\t<div class=\"elementor-element elementor-element-f5ff670 e-flex e-con-boxed e-con e-parent\" data-id=\"f5ff670\" data-element_type=\"container\" data-e-type=\"container\">\n\t\t\t\t\t<div class=\"e-con-inner\">\n\t\t\t\t<div class=\"elementor-element elementor-element-88b8ba2 elementor-widget elementor-widget-heading\" data-id=\"88b8ba2\" data-element_type=\"widget\" data-e-type=\"widget\" data-widget_type=\"heading.default\">\n\t\t\t\t<div class=\"elementor-widget-container\">\n\t\t\t\t\t<h2 class=\"elementor-heading-title elementor-size-default\">On recherche un \nDirecteur de Production pour un \nGroupe Industriel en Pleine Expansion<\/h2>\t\t\t\t<\/div>\n\t\t\t\t<\/div>\n\t\t\t\t<div class=\"elementor-element elementor-element-53fcc11 elementor-widget elementor-widget-image\" data-id=\"53fcc11\" data-element_type=\"widget\" data-e-type=\"widget\" data-widget_type=\"image.default\">\n\t\t\t\t<div class=\"elementor-widget-container\">\n\t\t\t\t\t\t\t\t\t\t\t\t\t\t\t<img fetchpriority=\"high\" decoding=\"async\" width=\"1024\" height=\"682\" src=\"https:\/\/gtegroupe.com\/wp-content\/uploads\/2024\/03\/Directeur-Industriel.png\" class=\"attachment-large size-large wp-image-879\" alt=\"Directeur(e) Industriel\" \/>\t\t\t\t\t\t\t\t\t\t\t\t\t\t\t<\/div>\n\t\t\t\t<\/div>\n\t\t\t\t\t<\/div>\n\t\t\t\t<\/div>\n\t\t<div class=\"elementor-element elementor-element-55e352f e-flex e-con-boxed e-con e-parent\" data-id=\"55e352f\" data-element_type=\"container\" data-e-type=\"container\">\n\t\t\t\t\t<div class=\"e-con-inner\">\n\t\t\t\t<div class=\"elementor-element elementor-element-cc79d61 elementor-widget elementor-widget-text-editor\" data-id=\"cc79d61\" data-element_type=\"widget\" data-e-type=\"widget\" data-widget_type=\"text-editor.default\">\n\t\t\t\t<div class=\"elementor-widget-container\">\n\t\t\t\t\t\t\t\t\t<p><strong>Lieu :<\/strong> Hauts-de-France<\/p><p>\u00a0<\/p><p><strong>\u00c0 propos de l&rsquo;Entreprise :<\/strong><\/p><p>Nous sommes un groupe industriel en plein essor, sp\u00e9cialis\u00e9 dans le secteur de la mobilit\u00e9 de demain. Forts de notre croissance continue, nous recherchons un Directeur de Production pour superviser plusieurs sites de production localis\u00e9s dans les Hauts-de-France. Sous la supervision directe du Pr\u00e9sident, ce poste offre une opportunit\u00e9 unique de piloter la strat\u00e9gie op\u00e9rationnelle et industrielle de notre entreprise.<\/p><p>\u00a0<\/p><p><strong>Responsabilit\u00e9s Principales :<\/strong><\/p><p>\u00a0<\/p><p>&#8211; Piloter la strat\u00e9gie op\u00e9rationnelle et industrielle en \u00e9troite collaboration avec le Pr\u00e9sident.<\/p><p>&#8211; Diriger les \u00e9quipes op\u00e9rationnelles sur plusieurs sites de production, en couvrant divers d\u00e9partements tels que la production, l&rsquo;industrialisation, la maintenance, la logistique, le bureau d&rsquo;\u00e9tudes, la qualit\u00e9, les ressources humaines et les achats.<\/p><p>&#8211; D\u00e9finir et mettre en \u0153uvre les moyens n\u00e9cessaires pour stimuler la croissance du chiffre d&rsquo;affaires et garantir la rentabilit\u00e9.<\/p><p>&#8211; Organiser et superviser les activit\u00e9s des sites afin d&rsquo;assurer la productivit\u00e9 et la rentabilit\u00e9.<\/p><p>&#8211; Planifier et allouer les ressources (humaines, financi\u00e8res, techniques) pour r\u00e9pondre efficacement aux besoins des clients.<\/p><p>&#8211; Mettre en place et appliquer les proc\u00e9dures op\u00e9rationnelles<\/p><p>&#8211; Participer activement Comit\u00e9 de Direction.<\/p><p>&#8211; Surveiller la rentabilit\u00e9 et g\u00e9rer les investissements de mani\u00e8re strat\u00e9gique avec le directeur industriel<\/p><p>&#8211; Participer activement au dialogue social et aux n\u00e9gociations avec les partenaires sociaux en tant que suppl\u00e9ant au Pr\u00e9sident des CSE et des SST<\/p><p>\u00a0<\/p><p><strong>Profil Recherch\u00e9 :<\/strong><\/p><p>\u00a0<\/p><p>&#8211; Dipl\u00f4m\u00e9 en ing\u00e9nierie industrielle g\u00e9n\u00e9raliste avec environ 10 ans d&rsquo;exp\u00e9rience dans un poste similaire, de pr\u00e9f\u00e9rence dans des secteurs industriels PME.<\/p><p>&#8211; Excellentes comp\u00e9tences relationnelles, leadership affirm\u00e9 et capacit\u00e9 \u00e0 mobiliser les \u00e9quipes.<\/p><p>&#8211; Vision globale de l&rsquo;entreprise et aptitude \u00e0 \u00e9laborer une strat\u00e9gie op\u00e9rationnelle efficace.<\/p><p>&#8211; Rigoureux, autonome, avec une forte capacit\u00e9 \u00e0 diriger le changement.<\/p><p>\u00a0<\/p><p><strong>Opportunit\u00e9 :<\/strong><\/p><p>Ce poste, directement rattach\u00e9 au Pr\u00e9sident, repr\u00e9sente une occasion exceptionnelle de prendre en main la strat\u00e9gie op\u00e9rationnelle et industrielle d&rsquo;une entreprise en pleine croissance. Si vous \u00eates un leader motiv\u00e9 pr\u00eat \u00e0 relever des d\u00e9fis, rejoignez-nous en postulant d\u00e8s maintenant !<\/p>\t\t\t\t\t\t\t\t<\/div>\n\t\t\t\t<\/div>\n\t\t\t\t\t<\/div>\n\t\t\t\t<\/div>\n\t\t\t\t<\/div>\n\t\t","protected":false},"excerpt":{"rendered":"<p>On recherche un Directeur de Production pour un Groupe Industriel en Pleine Expansion Lieu : Hauts-de-France \u00a0 \u00c0 propos de [&hellip;]<\/p>\n","protected":false},"author":1,"featured_media":0,"parent":4355,"menu_order":0,"comment_status":"closed","ping_status":"closed","template":"","meta":{"site-sidebar-layout":"default","site-content-layout":"","ast-site-content-layout":"default","site-content-style":"default","site-sidebar-style":"default","ast-global-header-display":"","ast-banner-title-visibility":"","ast-main-header-display":"","ast-hfb-above-header-display":"","ast-hfb-below-header-display":"","ast-hfb-mobile-header-display":"","site-post-title":"","ast-breadcrumbs-content":"","ast-featured-img":"","footer-sml-layout":"","theme-transparent-header-meta":"","adv-header-id-meta":"","stick-header-meta":"","header-above-stick-meta":"","header-main-stick-meta":"","header-below-stick-meta":"","astra-migrate-meta-layouts":"default","ast-page-background-enabled":"default","ast-page-background-meta":{"desktop":{"background-color":"var(--ast-global-color-5)","background-image":"","background-repeat":"repeat","background-position":"center center","background-size":"auto","background-attachment":"scroll","background-type":"","background-media":"","overlay-type":"","overlay-color":"","overlay-opacity":"","overlay-gradient":""},"tablet":{"background-color":"","background-image":"","background-repeat":"repeat","background-position":"center center","background-size":"auto","background-attachment":"scroll","background-type":"","background-media":"","overlay-type":"","overlay-color":"","overlay-opacity":"","overlay-gradient":""},"mobile":{"background-color":"","background-image":"","background-repeat":"repeat","background-position":"center center","background-size":"auto","background-attachment":"scroll","background-type":"","background-media":"","overlay-type":"","overlay-color":"","overlay-opacity":"","overlay-gradient":""}},"ast-content-background-meta":{"desktop":{"background-color":"var(--ast-global-color-4)","background-image":"","background-repeat":"repeat","background-position":"center center","background-size":"auto","background-attachment":"scroll","background-type":"","background-media":"","overlay-type":"","overlay-color":"","overlay-opacity":"","overlay-gradient":""},"tablet":{"background-color":"var(--ast-global-color-4)","background-image":"","background-repeat":"repeat","background-position":"center center","background-size":"auto","background-attachment":"scroll","background-type":"","background-media":"","overlay-type":"","overlay-color":"","overlay-opacity":"","overlay-gradient":""},"mobile":{"background-color":"var(--ast-global-color-4)","background-image":"","background-repeat":"repeat","background-position":"center center","background-size":"auto","background-attachment":"scroll","background-type":"","background-media":"","overlay-type":"","overlay-color":"","overlay-opacity":"","overlay-gradient":""}},"footnotes":""},"class_list":["post-874","page","type-page","status-publish","hentry"],"yoast_head":"<!-- This site is optimized with the Yoast SEO plugin v27.4 - https:\/\/yoast.com\/product\/yoast-seo-wordpress\/ -->\n<title>Recrutement DI - GTE Automotive<\/title>\n<meta name=\"robots\" content=\"index, follow, max-snippet:-1, max-image-preview:large, max-video-preview:-1\" \/>\n<link rel=\"canonical\" href=\"https:\/\/gtegroupe.com\/index.php\/on-recrute\/recrutement-di\/\" \/>\n<meta property=\"og:locale\" content=\"fr_FR\" \/>\n<meta property=\"og:type\" content=\"article\" \/>\n<meta property=\"og:title\" content=\"Recrutement DI - GTE Automotive\" \/>\n<meta property=\"og:description\" content=\"On recherche un Directeur de Production pour un Groupe Industriel en Pleine Expansion Lieu : Hauts-de-France \u00a0 \u00c0 propos de [&hellip;]\" \/>\n<meta property=\"og:url\" content=\"https:\/\/gtegroupe.com\/index.php\/on-recrute\/recrutement-di\/\" \/>\n<meta property=\"og:site_name\" content=\"GTE Automotive\" \/>\n<meta property=\"article:modified_time\" content=\"2024-06-17T09:02:08+00:00\" \/>\n<meta property=\"og:image\" content=\"http:\/\/gtegroupe.com\/wp-content\/uploads\/2024\/03\/Directeur-Industriel.png\" \/>\n<meta name=\"twitter:card\" content=\"summary_large_image\" \/>\n<meta name=\"twitter:label1\" content=\"Dur\u00e9e de lecture estim\u00e9e\" \/>\n\t<meta name=\"twitter:data1\" content=\"2 minutes\" \/>\n<script type=\"application\/ld+json\" class=\"yoast-schema-graph\">{\"@context\":\"https:\\\/\\\/schema.org\",\"@graph\":[{\"@type\":\"WebPage\",\"@id\":\"https:\\\/\\\/gtegroupe.com\\\/index.php\\\/on-recrute\\\/recrutement-di\\\/\",\"url\":\"https:\\\/\\\/gtegroupe.com\\\/index.php\\\/on-recrute\\\/recrutement-di\\\/\",\"name\":\"Recrutement DI - GTE Automotive\",\"isPartOf\":{\"@id\":\"http:\\\/\\\/gtegroupe.com\\\/#website\"},\"primaryImageOfPage\":{\"@id\":\"https:\\\/\\\/gtegroupe.com\\\/index.php\\\/on-recrute\\\/recrutement-di\\\/#primaryimage\"},\"image\":{\"@id\":\"https:\\\/\\\/gtegroupe.com\\\/index.php\\\/on-recrute\\\/recrutement-di\\\/#primaryimage\"},\"thumbnailUrl\":\"http:\\\/\\\/gtegroupe.com\\\/wp-content\\\/uploads\\\/2024\\\/03\\\/Directeur-Industriel.png\",\"datePublished\":\"2024-03-27T08:00:17+00:00\",\"dateModified\":\"2024-06-17T09:02:08+00:00\",\"breadcrumb\":{\"@id\":\"https:\\\/\\\/gtegroupe.com\\\/index.php\\\/on-recrute\\\/recrutement-di\\\/#breadcrumb\"},\"inLanguage\":\"fr-FR\",\"potentialAction\":[{\"@type\":\"ReadAction\",\"target\":[\"https:\\\/\\\/gtegroupe.com\\\/index.php\\\/on-recrute\\\/recrutement-di\\\/\"]}]},{\"@type\":\"ImageObject\",\"inLanguage\":\"fr-FR\",\"@id\":\"https:\\\/\\\/gtegroupe.com\\\/index.php\\\/on-recrute\\\/recrutement-di\\\/#primaryimage\",\"url\":\"https:\\\/\\\/gtegroupe.com\\\/wp-content\\\/uploads\\\/2024\\\/03\\\/Directeur-Industriel.png\",\"contentUrl\":\"https:\\\/\\\/gtegroupe.com\\\/wp-content\\\/uploads\\\/2024\\\/03\\\/Directeur-Industriel.png\",\"width\":1261,\"height\":840,\"caption\":\"Directeur(e) Industriel\"},{\"@type\":\"BreadcrumbList\",\"@id\":\"https:\\\/\\\/gtegroupe.com\\\/index.php\\\/on-recrute\\\/recrutement-di\\\/#breadcrumb\",\"itemListElement\":[{\"@type\":\"ListItem\",\"position\":1,\"name\":\"Accueil\",\"item\":\"http:\\\/\\\/gtegroupe.com\\\/\"},{\"@type\":\"ListItem\",\"position\":2,\"name\":\"On recrute !\",\"item\":\"http:\\\/\\\/gtegroupe.com\\\/index.php\\\/on-recrute\\\/\"},{\"@type\":\"ListItem\",\"position\":3,\"name\":\"Recrutement DI\"}]},{\"@type\":\"WebSite\",\"@id\":\"http:\\\/\\\/gtegroupe.com\\\/#website\",\"url\":\"http:\\\/\\\/gtegroupe.com\\\/\",\"name\":\"Site GTE Automotive\",\"description\":\"Vous transporter vers l&#039;avenir\",\"publisher\":{\"@id\":\"http:\\\/\\\/gtegroupe.com\\\/#organization\"},\"potentialAction\":[{\"@type\":\"SearchAction\",\"target\":{\"@type\":\"EntryPoint\",\"urlTemplate\":\"http:\\\/\\\/gtegroupe.com\\\/?s={search_term_string}\"},\"query-input\":{\"@type\":\"PropertyValueSpecification\",\"valueRequired\":true,\"valueName\":\"search_term_string\"}}],\"inLanguage\":\"fr-FR\"},{\"@type\":\"Organization\",\"@id\":\"http:\\\/\\\/gtegroupe.com\\\/#organization\",\"name\":\"GTE-Automotive\",\"url\":\"http:\\\/\\\/gtegroupe.com\\\/\",\"logo\":{\"@type\":\"ImageObject\",\"inLanguage\":\"fr-FR\",\"@id\":\"http:\\\/\\\/gtegroupe.com\\\/#\\\/schema\\\/logo\\\/image\\\/\",\"url\":\"https:\\\/\\\/gtegroupe.com\\\/wp-content\\\/uploads\\\/2024\\\/07\\\/gte-automotive-blc.png\",\"contentUrl\":\"https:\\\/\\\/gtegroupe.com\\\/wp-content\\\/uploads\\\/2024\\\/07\\\/gte-automotive-blc.png\",\"width\":1861,\"height\":1142,\"caption\":\"GTE-Automotive\"},\"image\":{\"@id\":\"http:\\\/\\\/gtegroupe.com\\\/#\\\/schema\\\/logo\\\/image\\\/\"}}]}<\/script>\n<!-- \/ Yoast SEO plugin. -->","yoast_head_json":{"title":"Recrutement DI - GTE Automotive","robots":{"index":"index","follow":"follow","max-snippet":"max-snippet:-1","max-image-preview":"max-image-preview:large","max-video-preview":"max-video-preview:-1"},"canonical":"https:\/\/gtegroupe.com\/index.php\/on-recrute\/recrutement-di\/","og_locale":"fr_FR","og_type":"article","og_title":"Recrutement DI - GTE Automotive","og_description":"On recherche un Directeur de Production pour un Groupe Industriel en Pleine Expansion Lieu : Hauts-de-France \u00a0 \u00c0 propos de [&hellip;]","og_url":"https:\/\/gtegroupe.com\/index.php\/on-recrute\/recrutement-di\/","og_site_name":"GTE Automotive","article_modified_time":"2024-06-17T09:02:08+00:00","og_image":[{"url":"http:\/\/gtegroupe.com\/wp-content\/uploads\/2024\/03\/Directeur-Industriel.png","type":"","width":"","height":""}],"twitter_card":"summary_large_image","twitter_misc":{"Dur\u00e9e de lecture estim\u00e9e":"2 minutes"},"schema":{"@context":"https:\/\/schema.org","@graph":[{"@type":"WebPage","@id":"https:\/\/gtegroupe.com\/index.php\/on-recrute\/recrutement-di\/","url":"https:\/\/gtegroupe.com\/index.php\/on-recrute\/recrutement-di\/","name":"Recrutement DI - GTE Automotive","isPartOf":{"@id":"http:\/\/gtegroupe.com\/#website"},"primaryImageOfPage":{"@id":"https:\/\/gtegroupe.com\/index.php\/on-recrute\/recrutement-di\/#primaryimage"},"image":{"@id":"https:\/\/gtegroupe.com\/index.php\/on-recrute\/recrutement-di\/#primaryimage"},"thumbnailUrl":"http:\/\/gtegroupe.com\/wp-content\/uploads\/2024\/03\/Directeur-Industriel.png","datePublished":"2024-03-27T08:00:17+00:00","dateModified":"2024-06-17T09:02:08+00:00","breadcrumb":{"@id":"https:\/\/gtegroupe.com\/index.php\/on-recrute\/recrutement-di\/#breadcrumb"},"inLanguage":"fr-FR","potentialAction":[{"@type":"ReadAction","target":["https:\/\/gtegroupe.com\/index.php\/on-recrute\/recrutement-di\/"]}]},{"@type":"ImageObject","inLanguage":"fr-FR","@id":"https:\/\/gtegroupe.com\/index.php\/on-recrute\/recrutement-di\/#primaryimage","url":"https:\/\/gtegroupe.com\/wp-content\/uploads\/2024\/03\/Directeur-Industriel.png","contentUrl":"https:\/\/gtegroupe.com\/wp-content\/uploads\/2024\/03\/Directeur-Industriel.png","width":1261,"height":840,"caption":"Directeur(e) Industriel"},{"@type":"BreadcrumbList","@id":"https:\/\/gtegroupe.com\/index.php\/on-recrute\/recrutement-di\/#breadcrumb","itemListElement":[{"@type":"ListItem","position":1,"name":"Accueil","item":"http:\/\/gtegroupe.com\/"},{"@type":"ListItem","position":2,"name":"On recrute !","item":"http:\/\/gtegroupe.com\/index.php\/on-recrute\/"},{"@type":"ListItem","position":3,"name":"Recrutement DI"}]},{"@type":"WebSite","@id":"http:\/\/gtegroupe.com\/#website","url":"http:\/\/gtegroupe.com\/","name":"Site GTE Automotive","description":"Vous transporter vers l&#039;avenir","publisher":{"@id":"http:\/\/gtegroupe.com\/#organization"},"potentialAction":[{"@type":"SearchAction","target":{"@type":"EntryPoint","urlTemplate":"http:\/\/gtegroupe.com\/?s={search_term_string}"},"query-input":{"@type":"PropertyValueSpecification","valueRequired":true,"valueName":"search_term_string"}}],"inLanguage":"fr-FR"},{"@type":"Organization","@id":"http:\/\/gtegroupe.com\/#organization","name":"GTE-Automotive","url":"http:\/\/gtegroupe.com\/","logo":{"@type":"ImageObject","inLanguage":"fr-FR","@id":"http:\/\/gtegroupe.com\/#\/schema\/logo\/image\/","url":"https:\/\/gtegroupe.com\/wp-content\/uploads\/2024\/07\/gte-automotive-blc.png","contentUrl":"https:\/\/gtegroupe.com\/wp-content\/uploads\/2024\/07\/gte-automotive-blc.png","width":1861,"height":1142,"caption":"GTE-Automotive"},"image":{"@id":"http:\/\/gtegroupe.com\/#\/schema\/logo\/image\/"}}]}},"_links":{"self":[{"href":"https:\/\/gtegroupe.com\/index.php\/wp-json\/wp\/v2\/pages\/874","targetHints":{"allow":["GET"]}}],"collection":[{"href":"https:\/\/gtegroupe.com\/index.php\/wp-json\/wp\/v2\/pages"}],"about":[{"href":"https:\/\/gtegroupe.com\/index.php\/wp-json\/wp\/v2\/types\/page"}],"author":[{"embeddable":true,"href":"https:\/\/gtegroupe.com\/index.php\/wp-json\/wp\/v2\/users\/1"}],"replies":[{"embeddable":true,"href":"https:\/\/gtegroupe.com\/index.php\/wp-json\/wp\/v2\/comments?post=874"}],"version-history":[{"count":5,"href":"https:\/\/gtegroupe.com\/index.php\/wp-json\/wp\/v2\/pages\/874\/revisions"}],"predecessor-version":[{"id":883,"href":"https:\/\/gtegroupe.com\/index.php\/wp-json\/wp\/v2\/pages\/874\/revisions\/883"}],"up":[{"embeddable":true,"href":"https:\/\/gtegroupe.com\/index.php\/wp-json\/wp\/v2\/pages\/4355"}],"wp:attachment":[{"href":"https:\/\/gtegroupe.com\/index.php\/wp-json\/wp\/v2\/media?parent=874"}],"curies":[{"name":"wp","href":"https:\/\/api.w.org\/{rel}","templated":true}]}}