{"id":7,"date":"2024-03-23T15:28:21","date_gmt":"2024-03-23T14:28:21","guid":{"rendered":"https:\/\/gtegroupe.com\/?page_id=7"},"modified":"2025-04-03T23:26:40","modified_gmt":"2025-04-03T21:26:40","slug":"notre-groupe","status":"publish","type":"page","link":"http:\/\/gtegroupe.com\/index.php\/notre-groupe\/","title":{"rendered":"Notre Groupe"},"content":{"rendered":"\t\t<div data-elementor-type=\"wp-page\" data-elementor-id=\"7\" class=\"elementor elementor-7\">\n\t\t\t\t<div class=\"elementor-element elementor-element-33a3ed5 e-flex e-con-boxed e-con e-parent\" data-id=\"33a3ed5\" data-element_type=\"container\" data-e-type=\"container\">\n\t\t\t\t\t<div class=\"e-con-inner\">\n\t\t\t\t<div class=\"elementor-element elementor-element-c485347 elementor-widget elementor-widget-text-editor\" data-id=\"c485347\" data-element_type=\"widget\" data-e-type=\"widget\" data-widget_type=\"text-editor.default\">\n\t\t\t\t<div class=\"elementor-widget-container\">\n\t\t\t\t\t\t\t\t\t<p>GTE Automotive est l&rsquo;un des principaux fournisseurs de solutions de mobilit\u00e9 compl\u00e8tes d\u00e9di\u00e9es aux efforts de d\u00e9carbonation \u00e0 travers l&rsquo;Europe.<\/p><p>Fond\u00e9 avec la vision de transformer notre fa\u00e7on de nous d\u00e9placer, nous nous sommes impos\u00e9s comme un partenaire fiable et solide dans le secteur de la mobilit\u00e9. Notre projet principal : la cr\u00e9ation du Centre Europ\u00e9en de la Mobilit\u00e9 D\u00e9carbon\u00e9e. Nous travaillons ensemble \u00e0 l&rsquo;\u00e9volution de l&rsquo;usine 4.0 sp\u00e9cialis\u00e9e dans la mobilit\u00e9 verte.<\/p><p>Chacune de nos entit\u00e9s manufacturi\u00e8res du groupe apporte une expertise unique et compl\u00e9mentaire, renfor\u00e7ant ainsi notre position en tant que leader europ\u00e9en de la solution du dernier kilom\u00e8tre d\u00e9carbon\u00e9.<\/p>\t\t\t\t\t\t\t\t<\/div>\n\t\t\t\t<\/div>\n\t\t\t\t\t<\/div>\n\t\t\t\t<\/div>\n\t\t<div class=\"elementor-element elementor-element-72d3f27 e-flex e-con-boxed e-con e-parent\" data-id=\"72d3f27\" data-element_type=\"container\" data-e-type=\"container\">\n\t\t\t\t\t<div class=\"e-con-inner\">\n\t\t<div class=\"elementor-element elementor-element-4c01342 e-con-full e-flex e-con e-child\" data-id=\"4c01342\" data-element_type=\"container\" data-e-type=\"container\">\n\t\t<div class=\"elementor-element elementor-element-de06285 e-con-full e-flex e-con e-child\" data-id=\"de06285\" data-element_type=\"container\" data-e-type=\"container\">\n\t\t\t\t<div class=\"elementor-element elementor-element-4d272ea elementor-widget__width-initial elementor-widget elementor-widget-image\" data-id=\"4d272ea\" data-element_type=\"widget\" data-e-type=\"widget\" data-widget_type=\"image.default\">\n\t\t\t\t<div class=\"elementor-widget-container\">\n\t\t\t\t\t\t\t\t\t\t\t\t\t\t\t\t<a href=\"https:\/\/spac-vul.fr\/\">\n\t\t\t\t\t\t\t<img fetchpriority=\"high\" decoding=\"async\" width=\"1024\" height=\"339\" src=\"https:\/\/gtegroupe.com\/wp-content\/uploads\/2024\/03\/spac-scaled.jpg\" class=\"attachment-large size-large wp-image-95\" alt=\"\" \/>\t\t\t\t\t\t\t\t<\/a>\n\t\t\t\t\t\t\t\t\t\t\t\t\t\t\t<\/div>\n\t\t\t\t<\/div>\n\t\t\t\t<div class=\"elementor-element elementor-element-aee9122 elementor-widget elementor-widget-text-editor\" data-id=\"aee9122\" data-element_type=\"widget\" data-e-type=\"widget\" data-widget_type=\"text-editor.default\">\n\t\t\t\t<div class=\"elementor-widget-container\">\n\t\t\t\t\t\t\t\t\t<p><b>Am\u00e9nagement complexes et valorisation <\/b>: la SPAC poss\u00e8de plusieurs sites et se sp\u00e9cialise dans l\u2019am\u00e9nagement de v\u00e9hicules professionnels. Cette entit\u00e9 joue un r\u00f4le crucial sp\u00e9cialis\u00e9 dans la gestion d\u2019\u00e9nergie et l\u2019am\u00e9nagement complexe de v\u00e9hicules. Dans ce cadre elle propose des v\u00e9hicules pompiers, secours, police, gendarmerie, arm\u00e9e, bureau mobiles\u2026, toutes ces solutions conformes aux normes les plus strictes.<\/p><p><b>Conformit\u00e9 R\u00e9glementaire <\/b>: SPAC Lesquin se distingue par sa conformit\u00e9 rigoureuse aux r\u00e9glementations locales et internationales, assurant ainsi \u00e0 nos clients une tranquillit\u00e9 d&rsquo;esprit quant \u00e0 la l\u00e9galit\u00e9 et \u00e0 la s\u00e9curit\u00e9 de leurs v\u00e9hicules.<\/p>\t\t\t\t\t\t\t\t<\/div>\n\t\t\t\t<\/div>\n\t\t\t\t<\/div>\n\t\t\t\t<\/div>\n\t\t<div class=\"elementor-element elementor-element-7e63006 e-con-full e-flex e-con e-child\" data-id=\"7e63006\" data-element_type=\"container\" data-e-type=\"container\">\n\t\t<div class=\"elementor-element elementor-element-56bfa92 e-con-full e-flex e-con e-child\" data-id=\"56bfa92\" data-element_type=\"container\" data-e-type=\"container\">\n\t\t\t\t<div class=\"elementor-element elementor-element-6df09a8 elementor-widget__width-initial elementor-widget elementor-widget-image\" data-id=\"6df09a8\" data-element_type=\"widget\" data-e-type=\"widget\" data-widget_type=\"image.default\">\n\t\t\t\t<div class=\"elementor-widget-container\">\n\t\t\t\t\t\t\t\t\t\t\t\t\t\t\t\t<a href=\"http:\/\/www.bennes-creafer.fr\/\">\n\t\t\t\t\t\t\t<img decoding=\"async\" width=\"300\" height=\"129\" src=\"https:\/\/gtegroupe.com\/wp-content\/uploads\/2024\/03\/creafer-scaled.jpg\" class=\"attachment-medium size-medium wp-image-45\" alt=\"Creafer\" \/>\t\t\t\t\t\t\t\t<\/a>\n\t\t\t\t\t\t\t\t\t\t\t\t\t\t\t<\/div>\n\t\t\t\t<\/div>\n\t\t\t\t<div class=\"elementor-element elementor-element-1a4c664 elementor-widget elementor-widget-text-editor\" data-id=\"1a4c664\" data-element_type=\"widget\" data-e-type=\"widget\" data-widget_type=\"text-editor.default\">\n\t\t\t\t<div class=\"elementor-widget-container\">\n\t\t\t\t\t\t\t\t\t<p><b>Durabilit\u00e9 et robustesse<\/b> : Creafer se d\u00e9tache par sa capacit\u00e9 \u00e0 fournir un am\u00e9nagement adapt\u00e9 aux usages intensifs de ses clients. Cette entit\u00e9 travaille en \u00e9troite collaboration avec nos clients pour cr\u00e9er des solutions \u00e0 la fois fonctionnelles, robustes et durables. Sa sp\u00e9cialit\u00e9\u00a0: les bennes, plateaux et tout \u00e9quipement li\u00e9 au BTP, espaces verts et services des villes.<\/p><p><b>Personnalisation<\/b> : Creafer offre des options de personnalisation avanc\u00e9es, permettant aux clients de cr\u00e9er des v\u00e9hicules qui refl\u00e8tent leur identit\u00e9 tout en r\u00e9pondant \u00e0 des crit\u00e8res rigoureux de qualit\u00e9.<\/p><p>\u00a0<\/p>\t\t\t\t\t\t\t\t<\/div>\n\t\t\t\t<\/div>\n\t\t\t\t<\/div>\n\t\t\t\t<\/div>\n\t\t<div class=\"elementor-element elementor-element-d6e4788 e-con-full e-flex e-con e-child\" data-id=\"d6e4788\" data-element_type=\"container\" data-e-type=\"container\">\n\t\t<div class=\"elementor-element elementor-element-83f9529 e-con-full e-flex e-con e-child\" data-id=\"83f9529\" data-element_type=\"container\" data-e-type=\"container\">\n\t\t\t\t<div class=\"elementor-element elementor-element-4839e31 elementor-widget__width-initial elementor-widget elementor-widget-image\" data-id=\"4839e31\" data-element_type=\"widget\" data-e-type=\"widget\" data-widget_type=\"image.default\">\n\t\t\t\t<div class=\"elementor-widget-container\">\n\t\t\t\t\t\t\t\t\t\t\t\t\t\t\t\t<a href=\"http:\/\/www.klege.fr\/\">\n\t\t\t\t\t\t\t<img decoding=\"async\" width=\"1024\" height=\"427\" src=\"https:\/\/gtegroupe.com\/wp-content\/uploads\/2024\/03\/Klege.png\" class=\"attachment-large size-large wp-image-42\" alt=\"Klege\" \/>\t\t\t\t\t\t\t\t<\/a>\n\t\t\t\t\t\t\t\t\t\t\t\t\t\t\t<\/div>\n\t\t\t\t<\/div>\n\t\t\t\t<div class=\"elementor-element elementor-element-887c4c1 elementor-widget elementor-widget-text-editor\" data-id=\"887c4c1\" data-element_type=\"widget\" data-e-type=\"widget\" data-widget_type=\"text-editor.default\">\n\t\t\t\t<div class=\"elementor-widget-container\">\n\t\t\t\t\t\t\t\t\t<p><b>Sp\u00e9cialisation :<\/b> Delcroix est reconnue pour son excellence dans la conception et la fabrication de carrosseries industrielles \u00e0 temp\u00e9rature dirig\u00e9e, sur mesure. Avec une histoire riche remontant \u00e0 1900, Delcroix est un pilier historique de GTE Automotive.<\/p><p><b>Expertise <\/b>: L&rsquo;expertise approfondie de Delcroix s&rsquo;\u00e9tend des v\u00e9hicules utilitaires l\u00e9gers aux poids lourds, offrant des solutions personnalis\u00e9es r\u00e9pondant aux besoins sp\u00e9cifiques de chaque client.<\/p><p><b>Innovation <\/b>: Delcroix se distingue par son engagement envers l&rsquo;innovation pour optimiser la performance, la s\u00e9curit\u00e9 et l&rsquo;efficacit\u00e9 \u00e9nerg\u00e9tique de chaque carrosserie produite. Du v\u00e9lo cargo au poids lourds en passant par la chambre froide et les petits v\u00e9hicules utilitaires \u00e9lectriques\u00a0; la gamme propos\u00e9e par Delcroix est sans cesse en expansion.<\/p>\t\t\t\t\t\t\t\t<\/div>\n\t\t\t\t<\/div>\n\t\t\t\t<\/div>\n\t\t\t\t<\/div>\n\t\t<div class=\"elementor-element elementor-element-d01992e e-con-full e-flex e-con e-child\" data-id=\"d01992e\" data-element_type=\"container\" data-e-type=\"container\">\n\t\t<div class=\"elementor-element elementor-element-831f678 e-con-full e-flex e-con e-child\" data-id=\"831f678\" data-element_type=\"container\" data-e-type=\"container\">\n\t\t\t\t<div class=\"elementor-element elementor-element-9bd0719 elementor-widget__width-initial elementor-widget elementor-widget-image\" data-id=\"9bd0719\" data-element_type=\"widget\" data-e-type=\"widget\" data-widget_type=\"image.default\">\n\t\t\t\t<div class=\"elementor-widget-container\">\n\t\t\t\t\t\t\t\t\t\t\t\t\t\t\t\t<a href=\"http:\/\/www.klege.fr\/\">\n\t\t\t\t\t\t\t<img loading=\"lazy\" decoding=\"async\" width=\"1024\" height=\"605\" src=\"https:\/\/gtegroupe.com\/wp-content\/uploads\/2024\/03\/logo-MONA-AUTOMOTIVE-sansfond-2021.png\" class=\"attachment-large size-large wp-image-49\" alt=\"Mona Automotive\" \/>\t\t\t\t\t\t\t\t<\/a>\n\t\t\t\t\t\t\t\t\t\t\t\t\t\t\t<\/div>\n\t\t\t\t<\/div>\n\t\t\t\t<div class=\"elementor-element elementor-element-1c9fd20 elementor-widget__width-initial elementor-widget elementor-widget-text-editor\" data-id=\"1c9fd20\" data-element_type=\"widget\" data-e-type=\"widget\" data-widget_type=\"text-editor.default\">\n\t\t\t\t<div class=\"elementor-widget-container\">\n\t\t\t\t\t\t\t\t\t<p><b>Mobilit\u00e9 Durable <\/b>: Mona Automotive est au c\u0153ur de l&rsquo;engagement de GTE Automotive envers la mobilit\u00e9 durable. Cette entit\u00e9 explore des solutions avanc\u00e9es telles que la revalorisation et le retrofit de v\u00e9hicules utilitaires, contribuant ainsi \u00e0 la r\u00e9duction de l&#8217;empreinte carbone des flottes.<\/p><p><b>Innovation \u00c9cologique <\/b>: Mona Automotive int\u00e8gre des pratiques et des mat\u00e9riaux respectueux de l&rsquo;environnement, mettant l&rsquo;accent sur la durabilit\u00e9 tout au long du cycle de vie des v\u00e9hicules.<\/p>\t\t\t\t\t\t\t\t<\/div>\n\t\t\t\t<\/div>\n\t\t\t\t<\/div>\n\t\t\t\t<\/div>\n\t\t\t\t\t<\/div>\n\t\t\t\t<\/div>\n\t\t\t\t<\/div>\n\t\t","protected":false},"excerpt":{"rendered":"<p>GTE Automotive est l&rsquo;un des principaux fournisseurs de solutions de mobilit\u00e9 compl\u00e8tes d\u00e9di\u00e9es aux efforts de d\u00e9carbonation \u00e0 travers l&rsquo;Europe. [&hellip;]<\/p>\n","protected":false},"author":1,"featured_media":0,"parent":0,"menu_order":0,"comment_status":"closed","ping_status":"closed","template":"elementor_header_footer","meta":{"site-sidebar-layout":"default","site-content-layout":"","ast-site-content-layout":"default","site-content-style":"default","site-sidebar-style":"default","ast-global-header-display":"","ast-banner-title-visibility":"","ast-main-header-display":"","ast-hfb-above-header-display":"","ast-hfb-below-header-display":"","ast-hfb-mobile-header-display":"","site-post-title":"","ast-breadcrumbs-content":"","ast-featured-img":"","footer-sml-layout":"","theme-transparent-header-meta":"","adv-header-id-meta":"","stick-header-meta":"","header-above-stick-meta":"","header-main-stick-meta":"","header-below-stick-meta":"","astra-migrate-meta-layouts":"default","ast-page-background-enabled":"default","ast-page-background-meta":{"desktop":{"background-color":"var(--ast-global-color-5)","background-image":"","background-repeat":"repeat","background-position":"center center","background-size":"auto","background-attachment":"scroll","background-type":"","background-media":"","overlay-type":"","overlay-color":"","overlay-opacity":"","overlay-gradient":""},"tablet":{"background-color":"","background-image":"","background-repeat":"repeat","background-position":"center center","background-size":"auto","background-attachment":"scroll","background-type":"","background-media":"","overlay-type":"","overlay-color":"","overlay-opacity":"","overlay-gradient":""},"mobile":{"background-color":"","background-image":"","background-repeat":"repeat","background-position":"center center","background-size":"auto","background-attachment":"scroll","background-type":"","background-media":"","overlay-type":"","overlay-color":"","overlay-opacity":"","overlay-gradient":""}},"ast-content-background-meta":{"desktop":{"background-color":"var(--ast-global-color-4)","background-image":"","background-repeat":"repeat","background-position":"center center","background-size":"auto","background-attachment":"scroll","background-type":"","background-media":"","overlay-type":"","overlay-color":"","overlay-opacity":"","overlay-gradient":""},"tablet":{"background-color":"var(--ast-global-color-4)","background-image":"","background-repeat":"repeat","background-position":"center center","background-size":"auto","background-attachment":"scroll","background-type":"","background-media":"","overlay-type":"","overlay-color":"","overlay-opacity":"","overlay-gradient":""},"mobile":{"background-color":"var(--ast-global-color-4)","background-image":"","background-repeat":"repeat","background-position":"center center","background-size":"auto","background-attachment":"scroll","background-type":"","background-media":"","overlay-type":"","overlay-color":"","overlay-opacity":"","overlay-gradient":""}},"footnotes":""},"class_list":["post-7","page","type-page","status-publish","hentry"],"yoast_head":"<!-- This site is optimized with the Yoast SEO plugin v27.3 - https:\/\/yoast.com\/product\/yoast-seo-wordpress\/ -->\n<title>Notre Groupe - GTE Automotive<\/title>\n<meta name=\"description\" content=\"D\u00e9couvrez chez GTE Automotive des solutions de mobilit\u00e9 verte et des technologies innovantes pour la d\u00e9carbonation de l&#039;Europe. Partenaire fiable dans le secteur de la mobilit\u00e9, nous nous engageons \u00e0 transformer notre fa\u00e7on de nous d\u00e9placer avec la cr\u00e9ation du Centre Europ\u00e9en de la Mobilit\u00e9 D\u00e9carbon\u00e9e et l&#039;\u00e9volution vers l&#039;usine 4.0 sp\u00e9cialis\u00e9e dans la mobilit\u00e9 verte.\" \/>\n<meta name=\"robots\" content=\"index, follow, max-snippet:-1, max-image-preview:large, max-video-preview:-1\" \/>\n<link rel=\"canonical\" href=\"https:\/\/gtegroupe.com\/index.php\/notre-groupe\/\" \/>\n<meta property=\"og:locale\" content=\"fr_FR\" \/>\n<meta property=\"og:type\" content=\"article\" \/>\n<meta property=\"og:title\" content=\"Notre Groupe - GTE Automotive\" \/>\n<meta property=\"og:description\" content=\"D\u00e9couvrez chez GTE Automotive des solutions de mobilit\u00e9 verte et des technologies innovantes pour la d\u00e9carbonation de l&#039;Europe. Partenaire fiable dans le secteur de la mobilit\u00e9, nous nous engageons \u00e0 transformer notre fa\u00e7on de nous d\u00e9placer avec la cr\u00e9ation du Centre Europ\u00e9en de la Mobilit\u00e9 D\u00e9carbon\u00e9e et l&#039;\u00e9volution vers l&#039;usine 4.0 sp\u00e9cialis\u00e9e dans la mobilit\u00e9 verte.\" \/>\n<meta property=\"og:url\" content=\"https:\/\/gtegroupe.com\/index.php\/notre-groupe\/\" \/>\n<meta property=\"og:site_name\" content=\"GTE Automotive\" \/>\n<meta property=\"article:modified_time\" content=\"2025-04-03T21:26:40+00:00\" \/>\n<meta property=\"og:image\" content=\"http:\/\/gtegroupe.com\/wp-content\/uploads\/2024\/03\/spac-1024x339.jpg\" \/>\n<meta name=\"twitter:card\" content=\"summary_large_image\" \/>\n<script type=\"application\/ld+json\" class=\"yoast-schema-graph\">{\"@context\":\"https:\\\/\\\/schema.org\",\"@graph\":[{\"@type\":\"WebPage\",\"@id\":\"https:\\\/\\\/gtegroupe.com\\\/index.php\\\/notre-groupe\\\/\",\"url\":\"https:\\\/\\\/gtegroupe.com\\\/index.php\\\/notre-groupe\\\/\",\"name\":\"Notre Groupe - GTE Automotive\",\"isPartOf\":{\"@id\":\"http:\\\/\\\/gtegroupe.com\\\/#website\"},\"primaryImageOfPage\":{\"@id\":\"https:\\\/\\\/gtegroupe.com\\\/index.php\\\/notre-groupe\\\/#primaryimage\"},\"image\":{\"@id\":\"https:\\\/\\\/gtegroupe.com\\\/index.php\\\/notre-groupe\\\/#primaryimage\"},\"thumbnailUrl\":\"http:\\\/\\\/gtegroupe.com\\\/wp-content\\\/uploads\\\/2024\\\/03\\\/spac-1024x339.jpg\",\"datePublished\":\"2024-03-23T14:28:21+00:00\",\"dateModified\":\"2025-04-03T21:26:40+00:00\",\"description\":\"D\u00e9couvrez chez GTE Automotive des solutions de mobilit\u00e9 verte et des technologies innovantes pour la d\u00e9carbonation de l'Europe. Partenaire fiable dans le secteur de la mobilit\u00e9, nous nous engageons \u00e0 transformer notre fa\u00e7on de nous d\u00e9placer avec la cr\u00e9ation du Centre Europ\u00e9en de la Mobilit\u00e9 D\u00e9carbon\u00e9e et l'\u00e9volution vers l'usine 4.0 sp\u00e9cialis\u00e9e dans la mobilit\u00e9 verte.\",\"breadcrumb\":{\"@id\":\"https:\\\/\\\/gtegroupe.com\\\/index.php\\\/notre-groupe\\\/#breadcrumb\"},\"inLanguage\":\"fr-FR\",\"potentialAction\":[{\"@type\":\"ReadAction\",\"target\":[\"https:\\\/\\\/gtegroupe.com\\\/index.php\\\/notre-groupe\\\/\"]}]},{\"@type\":\"ImageObject\",\"inLanguage\":\"fr-FR\",\"@id\":\"https:\\\/\\\/gtegroupe.com\\\/index.php\\\/notre-groupe\\\/#primaryimage\",\"url\":\"http:\\\/\\\/gtegroupe.com\\\/wp-content\\\/uploads\\\/2024\\\/03\\\/spac-scaled.jpg\",\"contentUrl\":\"http:\\\/\\\/gtegroupe.com\\\/wp-content\\\/uploads\\\/2024\\\/03\\\/spac-scaled.jpg\",\"width\":2560,\"height\":847},{\"@type\":\"BreadcrumbList\",\"@id\":\"https:\\\/\\\/gtegroupe.com\\\/index.php\\\/notre-groupe\\\/#breadcrumb\",\"itemListElement\":[{\"@type\":\"ListItem\",\"position\":1,\"name\":\"Accueil\",\"item\":\"http:\\\/\\\/gtegroupe.com\\\/\"},{\"@type\":\"ListItem\",\"position\":2,\"name\":\"Notre Groupe\"}]},{\"@type\":\"WebSite\",\"@id\":\"http:\\\/\\\/gtegroupe.com\\\/#website\",\"url\":\"http:\\\/\\\/gtegroupe.com\\\/\",\"name\":\"Site GTE Automotive\",\"description\":\"Vous transporter vers l&#039;avenir\",\"publisher\":{\"@id\":\"http:\\\/\\\/gtegroupe.com\\\/#organization\"},\"potentialAction\":[{\"@type\":\"SearchAction\",\"target\":{\"@type\":\"EntryPoint\",\"urlTemplate\":\"http:\\\/\\\/gtegroupe.com\\\/?s={search_term_string}\"},\"query-input\":{\"@type\":\"PropertyValueSpecification\",\"valueRequired\":true,\"valueName\":\"search_term_string\"}}],\"inLanguage\":\"fr-FR\"},{\"@type\":\"Organization\",\"@id\":\"http:\\\/\\\/gtegroupe.com\\\/#organization\",\"name\":\"GTE-Automotive\",\"url\":\"http:\\\/\\\/gtegroupe.com\\\/\",\"logo\":{\"@type\":\"ImageObject\",\"inLanguage\":\"fr-FR\",\"@id\":\"http:\\\/\\\/gtegroupe.com\\\/#\\\/schema\\\/logo\\\/image\\\/\",\"url\":\"http:\\\/\\\/gtegroupe.com\\\/wp-content\\\/uploads\\\/2024\\\/07\\\/gte-automotive-blc.png\",\"contentUrl\":\"http:\\\/\\\/gtegroupe.com\\\/wp-content\\\/uploads\\\/2024\\\/07\\\/gte-automotive-blc.png\",\"width\":1861,\"height\":1142,\"caption\":\"GTE-Automotive\"},\"image\":{\"@id\":\"http:\\\/\\\/gtegroupe.com\\\/#\\\/schema\\\/logo\\\/image\\\/\"}}]}<\/script>\n<!-- \/ Yoast SEO plugin. -->","yoast_head_json":{"title":"Notre Groupe - GTE Automotive","description":"D\u00e9couvrez chez GTE Automotive des solutions de mobilit\u00e9 verte et des technologies innovantes pour la d\u00e9carbonation de l'Europe. Partenaire fiable dans le secteur de la mobilit\u00e9, nous nous engageons \u00e0 transformer notre fa\u00e7on de nous d\u00e9placer avec la cr\u00e9ation du Centre Europ\u00e9en de la Mobilit\u00e9 D\u00e9carbon\u00e9e et l'\u00e9volution vers l'usine 4.0 sp\u00e9cialis\u00e9e dans la mobilit\u00e9 verte.","robots":{"index":"index","follow":"follow","max-snippet":"max-snippet:-1","max-image-preview":"max-image-preview:large","max-video-preview":"max-video-preview:-1"},"canonical":"https:\/\/gtegroupe.com\/index.php\/notre-groupe\/","og_locale":"fr_FR","og_type":"article","og_title":"Notre Groupe - GTE Automotive","og_description":"D\u00e9couvrez chez GTE Automotive des solutions de mobilit\u00e9 verte et des technologies innovantes pour la d\u00e9carbonation de l'Europe. Partenaire fiable dans le secteur de la mobilit\u00e9, nous nous engageons \u00e0 transformer notre fa\u00e7on de nous d\u00e9placer avec la cr\u00e9ation du Centre Europ\u00e9en de la Mobilit\u00e9 D\u00e9carbon\u00e9e et l'\u00e9volution vers l'usine 4.0 sp\u00e9cialis\u00e9e dans la mobilit\u00e9 verte.","og_url":"https:\/\/gtegroupe.com\/index.php\/notre-groupe\/","og_site_name":"GTE Automotive","article_modified_time":"2025-04-03T21:26:40+00:00","og_image":[{"url":"http:\/\/gtegroupe.com\/wp-content\/uploads\/2024\/03\/spac-1024x339.jpg","type":"","width":"","height":""}],"twitter_card":"summary_large_image","schema":{"@context":"https:\/\/schema.org","@graph":[{"@type":"WebPage","@id":"https:\/\/gtegroupe.com\/index.php\/notre-groupe\/","url":"https:\/\/gtegroupe.com\/index.php\/notre-groupe\/","name":"Notre Groupe - GTE Automotive","isPartOf":{"@id":"http:\/\/gtegroupe.com\/#website"},"primaryImageOfPage":{"@id":"https:\/\/gtegroupe.com\/index.php\/notre-groupe\/#primaryimage"},"image":{"@id":"https:\/\/gtegroupe.com\/index.php\/notre-groupe\/#primaryimage"},"thumbnailUrl":"http:\/\/gtegroupe.com\/wp-content\/uploads\/2024\/03\/spac-1024x339.jpg","datePublished":"2024-03-23T14:28:21+00:00","dateModified":"2025-04-03T21:26:40+00:00","description":"D\u00e9couvrez chez GTE Automotive des solutions de mobilit\u00e9 verte et des technologies innovantes pour la d\u00e9carbonation de l'Europe. Partenaire fiable dans le secteur de la mobilit\u00e9, nous nous engageons \u00e0 transformer notre fa\u00e7on de nous d\u00e9placer avec la cr\u00e9ation du Centre Europ\u00e9en de la Mobilit\u00e9 D\u00e9carbon\u00e9e et l'\u00e9volution vers l'usine 4.0 sp\u00e9cialis\u00e9e dans la mobilit\u00e9 verte.","breadcrumb":{"@id":"https:\/\/gtegroupe.com\/index.php\/notre-groupe\/#breadcrumb"},"inLanguage":"fr-FR","potentialAction":[{"@type":"ReadAction","target":["https:\/\/gtegroupe.com\/index.php\/notre-groupe\/"]}]},{"@type":"ImageObject","inLanguage":"fr-FR","@id":"https:\/\/gtegroupe.com\/index.php\/notre-groupe\/#primaryimage","url":"http:\/\/gtegroupe.com\/wp-content\/uploads\/2024\/03\/spac-scaled.jpg","contentUrl":"http:\/\/gtegroupe.com\/wp-content\/uploads\/2024\/03\/spac-scaled.jpg","width":2560,"height":847},{"@type":"BreadcrumbList","@id":"https:\/\/gtegroupe.com\/index.php\/notre-groupe\/#breadcrumb","itemListElement":[{"@type":"ListItem","position":1,"name":"Accueil","item":"http:\/\/gtegroupe.com\/"},{"@type":"ListItem","position":2,"name":"Notre Groupe"}]},{"@type":"WebSite","@id":"http:\/\/gtegroupe.com\/#website","url":"http:\/\/gtegroupe.com\/","name":"Site GTE Automotive","description":"Vous transporter vers l&#039;avenir","publisher":{"@id":"http:\/\/gtegroupe.com\/#organization"},"potentialAction":[{"@type":"SearchAction","target":{"@type":"EntryPoint","urlTemplate":"http:\/\/gtegroupe.com\/?s={search_term_string}"},"query-input":{"@type":"PropertyValueSpecification","valueRequired":true,"valueName":"search_term_string"}}],"inLanguage":"fr-FR"},{"@type":"Organization","@id":"http:\/\/gtegroupe.com\/#organization","name":"GTE-Automotive","url":"http:\/\/gtegroupe.com\/","logo":{"@type":"ImageObject","inLanguage":"fr-FR","@id":"http:\/\/gtegroupe.com\/#\/schema\/logo\/image\/","url":"http:\/\/gtegroupe.com\/wp-content\/uploads\/2024\/07\/gte-automotive-blc.png","contentUrl":"http:\/\/gtegroupe.com\/wp-content\/uploads\/2024\/07\/gte-automotive-blc.png","width":1861,"height":1142,"caption":"GTE-Automotive"},"image":{"@id":"http:\/\/gtegroupe.com\/#\/schema\/logo\/image\/"}}]}},"_links":{"self":[{"href":"http:\/\/gtegroupe.com\/index.php\/wp-json\/wp\/v2\/pages\/7","targetHints":{"allow":["GET"]}}],"collection":[{"href":"http:\/\/gtegroupe.com\/index.php\/wp-json\/wp\/v2\/pages"}],"about":[{"href":"http:\/\/gtegroupe.com\/index.php\/wp-json\/wp\/v2\/types\/page"}],"author":[{"embeddable":true,"href":"http:\/\/gtegroupe.com\/index.php\/wp-json\/wp\/v2\/users\/1"}],"replies":[{"embeddable":true,"href":"http:\/\/gtegroupe.com\/index.php\/wp-json\/wp\/v2\/comments?post=7"}],"version-history":[{"count":26,"href":"http:\/\/gtegroupe.com\/index.php\/wp-json\/wp\/v2\/pages\/7\/revisions"}],"predecessor-version":[{"id":108,"href":"http:\/\/gtegroupe.com\/index.php\/wp-json\/wp\/v2\/pages\/7\/revisions\/108"}],"wp:attachment":[{"href":"http:\/\/gtegroupe.com\/index.php\/wp-json\/wp\/v2\/media?parent=7"}],"curies":[{"name":"wp","href":"https:\/\/api.w.org\/{rel}","templated":true}]}}