{"id":4814,"date":"2025-12-29T17:03:56","date_gmt":"2025-12-29T16:03:56","guid":{"rendered":"https:\/\/gtegroupe.com\/?page_id=4814"},"modified":"2025-12-29T17:03:57","modified_gmt":"2025-12-29T16:03:57","slug":"expertise-ingenierie-et-conformite","status":"publish","type":"page","link":"http:\/\/gtegroupe.com\/index.php\/expertise-ingenierie-et-conformite\/","title":{"rendered":"Expertise &#8211; Ing\u00e9nierie et conformit\u00e9"},"content":{"rendered":"\n<!-- GTE | Expertise \u2014 Ing\u00e9nierie & conformit\u00e9 (Astra-friendly, scoped styles) -->\n<style>\n  .gte-expertise{\n    --gte-navy:#0E2841;\n    --gte-brick:#8a0b0b;\n    --gte-beige:#EAE5D9;\n\n    --gte-onDark:#ffffff;\n    --gte-onDarkMuted:rgba(255,255,255,.78);\n\n    --gte-cardBg:rgba(255,255,255,.92);\n    --gte-cardBg2:rgba(255,255,255,.86);\n    --gte-cardBorder:rgba(255,255,255,.18);\n\n    --gte-lineLight:rgba(255,255,255,.16);\n    --gte-shadow:0 14px 40px rgba(0,0,0,.18);\n    --gte-radius:18px;\n  }\n\n  .gte-expertise .gte-wrap{max-width:1100px;margin:0 auto;padding:0 18px;}\n  .gte-expertise .gte-section{padding:56px 0;}\n  .gte-expertise .gte-grid{display:grid;gap:16px;}\n  .gte-expertise .gte-grid-2{grid-template-columns:repeat(2,minmax(0,1fr));}\n  .gte-expertise .gte-grid-3{grid-template-columns:repeat(3,minmax(0,1fr));}\n\n  .gte-expertise .gte-kicker{letter-spacing:.08em;text-transform:uppercase;font-size:12px;font-weight:700;margin:0 0 10px;color:var(--gte-brick);}\n  .gte-expertise .gte-h1{font-size:42px;line-height:1.08;margin:0 0 14px;}\n  .gte-expertise .gte-h2{font-size:26px;line-height:1.2;margin:0 0 14px;}\n  .gte-expertise .gte-h3{font-size:18px;line-height:1.2;margin:0 0 10px;}\n  .gte-expertise .gte-lead{font-size:18px;line-height:1.65;margin:0;max-width:920px;}\n  .gte-expertise .gte-p{margin:0;line-height:1.7;}\n  .gte-expertise .gte-small{font-size:13px;line-height:1.6;margin:0;}\n\n  .gte-expertise .gte-bullets{margin:12px 0 0;padding:0;list-style:none;display:grid;gap:10px;}\n  .gte-expertise .gte-bullets li{display:flex;gap:10px;align-items:flex-start;line-height:1.55;}\n  .gte-expertise .gte-bullets svg{flex:0 0 18px;margin-top:2px;}\n\n  .gte-expertise .gte-hero{\n    background:\n      radial-gradient(1200px 400px at 20% -10%, rgba(138,11,11,.10), transparent 60%),\n      radial-gradient(900px 350px at 90% 10%, rgba(14,40,65,.10), transparent 55%),\n      linear-gradient(180deg, #ffffff, rgba(234,229,217,.55));\n    border-bottom:1px solid rgba(14,40,65,.14);\n    padding:64px 0 42px;\n    color:var(--gte-navy);\n  }\n  .gte-expertise .gte-hero .gte-lead{color:rgba(14,40,65,.75);}\n  .gte-expertise .gte-hero-card{\n    background:rgba(255,255,255,.78);\n    border:1px solid rgba(14,40,65,.14);\n    border-radius:var(--gte-radius);\n    box-shadow:var(--gte-shadow);\n    padding:22px;\n    margin-top:22px;\n  }\n\n  .gte-expertise .gte-pill{\n    display:inline-flex;align-items:center;gap:8px;\n    padding:7px 10px;border-radius:999px;font-size:12px;\n    background:rgba(14,40,65,.06);color:var(--gte-navy);\n    border:1px solid rgba(14,40,65,.14);\n    font-weight:700;\n  }\n  .gte-expertise .gte-pill svg{width:14px;height:14px;}\n\n  .gte-expertise .gte-divider{height:1px;background:rgba(14,40,65,.14);margin:18px 0 0;}\n\n  .gte-expertise .gte-dark{background:var(--gte-navy);color:var(--gte-onDark);}\n  .gte-expertise .gte-dark .gte-lead,\n  .gte-expertise .gte-dark .gte-p,\n  .gte-expertise .gte-dark .gte-small{color:var(--gte-onDarkMuted);}\n  .gte-expertise .gte-dark .gte-h2,\n  .gte-expertise .gte-dark .gte-h3{color:var(--gte-onDark);}\n\n  .gte-expertise .gte-card{\n    background:rgba(255,255,255,.92);\n    border:1px solid rgba(14,40,65,.14);\n    border-radius:var(--gte-radius);\n    padding:18px 18px 16px;\n    box-shadow:0 10px 26px rgba(0,0,0,.12);\n    color:rgba(14,40,65,.92);\n  }\n  .gte-expertise .gte-dark .gte-card{\n    background:rgba(255,255,255,.86);\n    border:1px solid var(--gte-cardBorder);\n    color:rgba(14,40,65,.92);\n  }\n  .gte-expertise .gte-dark .gte-card .gte-p{color:rgba(14,40,65,.75);}\n  .gte-expertise .gte-dark .gte-card .gte-h3{color:var(--gte-navy);}\n\n  .gte-expertise .gte-cta{\n    background:linear-gradient(135deg, rgba(255,255,255,.10), rgba(255,255,255,.06));\n    border:1px solid var(--gte-lineLight);\n    border-radius:var(--gte-radius);\n    padding:22px;\n    display:flex;gap:16px;align-items:center;justify-content:space-between;flex-wrap:wrap;\n  }\n  .gte-expertise .gte-btn{\n    display:inline-flex;align-items:center;gap:10px;\n    padding:12px 16px;border-radius:14px;text-decoration:none;font-weight:800;\n    background:var(--gte-beige);color:var(--gte-navy);\n    border:1px solid rgba(255,255,255,.18);\n  }\n  .gte-expertise .gte-btn:hover{opacity:.92}\n  .gte-expertise .gte-btn--ghost{\n    background:transparent;color:var(--gte-onDark);\n    border:1px solid var(--gte-lineLight);\n  }\n\n  @media (max-width: 900px){\n    .gte-expertise .gte-h1{font-size:32px}\n    .gte-expertise .gte-grid-3{grid-template-columns:1fr}\n    .gte-expertise .gte-grid-2{grid-template-columns:1fr}\n    .gte-expertise .gte-section{padding:44px 0}\n  }\n<\/style>\n\n<div class=\"gte-expertise\">\n\n  <!-- HERO -->\n  <section class=\"gte-hero\">\n    <div class=\"gte-wrap\">\n      <p class=\"gte-kicker\">Expertise<\/p>\n      <h1 class=\"gte-h1\">Ing\u00e9nierie &amp; conformit\u00e9<\/h1>\n      <p class=\"gte-lead\">\n        Bureau d\u2019\u00e9tudes, homologation et dossiers techniques : nous s\u00e9curisons vos transformations et mises en circulation,\n        avec une approche rigoureuse des normes et de la conformit\u00e9 \u2014 y compris pour les contraintes sp\u00e9cifiques du secteur public.\n      <\/p>\n\n      <div class=\"gte-hero-card\">\n        <div class=\"gte-grid gte-grid-3\">\n          <div>\n            <span class=\"gte-pill\">\n              <svg viewBox=\"0 0 24 24\" fill=\"none\" aria-hidden=\"true\">\n                <path d=\"M4 19h16\" stroke=\"currentColor\" stroke-width=\"2\"\/>\n                <path d=\"M7 16V8l5-3 5 3v8\" stroke=\"currentColor\" stroke-width=\"2\"\/>\n              <\/svg>\n              Dossiers solides\n            <\/span>\n            <p class=\"gte-p\" style=\"margin-top:10px;\">Documents techniques structur\u00e9s, tra\u00e7ables, auditables.<\/p>\n          <\/div>\n          <div>\n            <span class=\"gte-pill\">\n              <svg viewBox=\"0 0 24 24\" fill=\"none\" aria-hidden=\"true\">\n                <path d=\"M12 2v4\" stroke=\"currentColor\" stroke-width=\"2\"\/>\n                <path d=\"M4 14a8 8 0 1 0 16 0\" stroke=\"currentColor\" stroke-width=\"2\"\/>\n              <\/svg>\n              Normes ma\u00eetris\u00e9es\n            <\/span>\n            <p class=\"gte-p\" style=\"margin-top:10px;\">R\u00e9duction du risque administratif, technique et op\u00e9rationnel.<\/p>\n          <\/div>\n          <div>\n            <span class=\"gte-pill\">\n              <svg viewBox=\"0 0 24 24\" fill=\"none\" aria-hidden=\"true\">\n                <path d=\"M20 7 10 17l-5-5\" stroke=\"currentColor\" stroke-width=\"2\" stroke-linecap=\"round\" stroke-linejoin=\"round\"\/>\n              <\/svg>\n              Mise en circulation s\u00e9curis\u00e9e\n            <\/span>\n            <p class=\"gte-p\" style=\"margin-top:10px;\">Homologation et conformit\u00e9, de l\u2019\u00e9tude \u00e0 la route.<\/p>\n          <\/div>\n        <\/div>\n\n        <div class=\"gte-divider\"><\/div>\n\n        <ul class=\"gte-bullets\">\n          <li>\n            <svg viewBox=\"0 0 24 24\" fill=\"none\" aria-hidden=\"true\">\n              <path d=\"M20 6 9 17l-5-5\" stroke=\"var(--gte-brick)\" stroke-width=\"2\" stroke-linecap=\"round\" stroke-linejoin=\"round\"\/>\n            <\/svg>\n            <span><strong>R\u00e9duction des d\u00e9lais<\/strong> : anticipation des exigences et s\u00e9curisation des jalons.<\/span>\n          <\/li>\n          <li>\n            <svg viewBox=\"0 0 24 24\" fill=\"none\" aria-hidden=\"true\">\n              <path d=\"M20 6 9 17l-5-5\" stroke=\"var(--gte-brick)\" stroke-width=\"2\" stroke-linecap=\"round\" stroke-linejoin=\"round\"\/>\n            <\/svg>\n            <span><strong>Conformit\u00e9 document\u00e9e<\/strong> : tra\u00e7abilit\u00e9 des choix techniques et des transformations.<\/span>\n          <\/li>\n        <\/ul>\n      <\/div>\n    <\/div>\n  <\/section>\n\n  <!-- SECTION 1 -->\n  <section class=\"gte-section gte-dark\">\n    <div class=\"gte-wrap\">\n      <h2 class=\"gte-h2\">Ce que nous faisons<\/h2>\n      <div class=\"gte-grid gte-grid-2\" style=\"margin-top:18px;\">\n        <div class=\"gte-card\">\n          <h3 class=\"gte-h3\">Bureau d\u2019\u00e9tudes<\/h3>\n          <p class=\"gte-p\">\n            Conception et d\u00e9finition technique, adaptations m\u00e9tier, int\u00e9gration d\u2019\u00e9quipements, analyse de faisabilit\u00e9 et arbitrages\n            (s\u00e9curit\u00e9, poids, ergonomie, maintenance, TCO).\n          <\/p>\n        <\/div>\n        <div class=\"gte-card\">\n          <h3 class=\"gte-h3\">Homologation &amp; conformit\u00e9<\/h3>\n          <p class=\"gte-p\">\n            Constitution et pilotage des \u00e9l\u00e9ments n\u00e9cessaires \u00e0 la mise en circulation, conformit\u00e9 des transformations,\n            ma\u00eetrise des exigences normatives et administratives.\n          <\/p>\n        <\/div>\n      <\/div>\n    <\/div>\n  <\/section>\n\n  <!-- SECTION 2 -->\n  <section class=\"gte-section gte-dark\">\n    <div class=\"gte-wrap\">\n      <h2 class=\"gte-h2\">Nos domaines d\u2019intervention<\/h2>\n      <p class=\"gte-lead\" style=\"font-size:16px;\">\n        Un appui technique et r\u00e9glementaire pour les v\u00e9hicules utilitaires, industriels et sp\u00e9cifiques, en neuf comme en parc existant.\n      <\/p>\n\n      <div class=\"gte-grid gte-grid-2\" style=\"margin-top:18px;\">\n        <div class=\"gte-card\">\n          <h3 class=\"gte-h3\">\u00c9tudes &amp; conception<\/h3>\n          <ul class=\"gte-bullets\">\n            <li><span>Conception d\u2019am\u00e9nagements et carrosseries sp\u00e9cifiques<\/span><\/li>\n            <li><span>Calculs et arbitrages : masse, r\u00e9partition, int\u00e9gration, s\u00e9curit\u00e9<\/span><\/li>\n            <li><span>Analyses de faisabilit\u00e9 et industrialisation (unitaire \/ s\u00e9rie)<\/span><\/li>\n            <li><span>Pr\u00e9paration des plans, nomenclatures, proc\u00e9dures<\/span><\/li>\n          <\/ul>\n        <\/div>\n\n        <div class=\"gte-card\">\n          <h3 class=\"gte-h3\">Homologation &amp; dossiers techniques<\/h3>\n          <ul class=\"gte-bullets\">\n            <li><span>Constitution des dossiers de conformit\u00e9 et justificatifs<\/span><\/li>\n            <li><span>Gestion documentaire : tra\u00e7abilit\u00e9, versions, preuves<\/span><\/li>\n            <li><span>Coordination des jalons jusqu\u2019\u00e0 la mise en circulation<\/span><\/li>\n            <li><span>Accompagnement des projets multi-acteurs<\/span><\/li>\n          <\/ul>\n        <\/div>\n\n        <div class=\"gte-card\">\n          <h3 class=\"gte-h3\">Qualit\u00e9 &amp; exigences client<\/h3>\n          <ul class=\"gte-bullets\">\n            <li><span>D\u00e9finition des crit\u00e8res qualit\u00e9 et contr\u00f4les<\/span><\/li>\n            <li><span>Gestion des non-conformit\u00e9s et actions correctives<\/span><\/li>\n            <li><span>Conformit\u00e9 des montages, \u00e9quipements et int\u00e9grations<\/span><\/li>\n            <li><span>Support technique avant \/ pendant \/ apr\u00e8s transformation<\/span><\/li>\n          <\/ul>\n        <\/div>\n\n        <div class=\"gte-card\">\n          <h3 class=\"gte-h3\">Secteur public &amp; commande publique<\/h3>\n          <ul class=\"gte-bullets\">\n            <li><span>Compr\u00e9hension des exigences et cadres sp\u00e9cifiques<\/span><\/li>\n            <li><span>Appui technique pour dossiers et pi\u00e8ces justificatives<\/span><\/li>\n            <li><span>Gestion des contraintes d\u2019usage (s\u00e9curit\u00e9, accessibilit\u00e9, tra\u00e7abilit\u00e9)<\/span><\/li>\n            <li><span>Interface facilitatrice entre exploitation, achats et technique<\/span><\/li>\n          <\/ul>\n        <\/div>\n      <\/div>\n    <\/div>\n  <\/section>\n\n  <!-- SECTION 3 -->\n  <section class=\"gte-section gte-dark\">\n    <div class=\"gte-wrap\">\n      <h2 class=\"gte-h2\">Notre valeur ajout\u00e9e<\/h2>\n      <div class=\"gte-grid gte-grid-3\" style=\"margin-top:18px;\">\n        <div class=\"gte-card\">\n          <h3 class=\"gte-h3\">Un BE connect\u00e9 au terrain<\/h3>\n          <p class=\"gte-p\">Une ing\u00e9nierie pragmatique, pens\u00e9e pour l\u2019exploitation, la maintenance et la dur\u00e9e de vie.<\/p>\n        <\/div>\n        <div class=\"gte-card\">\n          <h3 class=\"gte-h3\">Rigueur documentaire<\/h3>\n          <p class=\"gte-p\">Des dossiers clairs, auditables et robustes pour limiter les risques et acc\u00e9l\u00e9rer les validations.<\/p>\n        <\/div>\n        <div class=\"gte-card\">\n          <h3 class=\"gte-h3\">Pilotage multi-acteurs<\/h3>\n          <p class=\"gte-p\">Coordination des parties prenantes : \u00e9quipementiers, carrossiers, exploitants, acheteurs.<\/p>\n        <\/div>\n      <\/div>\n    <\/div>\n  <\/section>\n\n  <!-- CTA -->\n  <section class=\"gte-section gte-dark\">\n    <div class=\"gte-wrap\">\n      <div class=\"gte-cta\">\n        <div>\n          <h2 class=\"gte-h2\" style=\"margin-bottom:8px;\">S\u00e9curisons votre projet<\/h2>\n          <p class=\"gte-p\">Un besoin d\u2019\u00e9tude, de dossier technique ou de conformit\u00e9 ? D\u00e9crivez votre contexte, on vous accompagne.<\/p>\n        <\/div>\n        <div style=\"display:flex;gap:10px;flex-wrap:wrap;\">\n          <a class=\"gte-btn\" href=\"\/contact\">Demander un \u00e9change<\/a>\n          <a class=\"gte-btn gte-btn--ghost\" href=\"\/expertises\">Voir toutes les expertises<\/a>\n        <\/div>\n      <\/div>\n    <\/div>\n  <\/section>\n\n<\/div>\n\n","protected":false},"excerpt":{"rendered":"<p>Expertise Ing\u00e9nierie &amp; conformit\u00e9 Bureau d\u2019\u00e9tudes, homologation et dossiers techniques : nous s\u00e9curisons vos transformations et mises en circulation, avec [&hellip;]<\/p>\n","protected":false},"author":1,"featured_media":0,"parent":0,"menu_order":0,"comment_status":"closed","ping_status":"closed","template":"","meta":{"site-sidebar-layout":"default","site-content-layout":"","ast-site-content-layout":"default","site-content-style":"default","site-sidebar-style":"default","ast-global-header-display":"","ast-banner-title-visibility":"","ast-main-header-display":"","ast-hfb-above-header-display":"","ast-hfb-below-header-display":"","ast-hfb-mobile-header-display":"","site-post-title":"","ast-breadcrumbs-content":"","ast-featured-img":"","footer-sml-layout":"","theme-transparent-header-meta":"","adv-header-id-meta":"","stick-header-meta":"","header-above-stick-meta":"","header-main-stick-meta":"","header-below-stick-meta":"","astra-migrate-meta-layouts":"default","ast-page-background-enabled":"default","ast-page-background-meta":{"desktop":{"background-color":"var(--ast-global-color-5)","background-image":"","background-repeat":"repeat","background-position":"center center","background-size":"auto","background-attachment":"scroll","background-type":"","background-media":"","overlay-type":"","overlay-color":"","overlay-opacity":"","overlay-gradient":""},"tablet":{"background-color":"","background-image":"","background-repeat":"repeat","background-position":"center center","background-size":"auto","background-attachment":"scroll","background-type":"","background-media":"","overlay-type":"","overlay-color":"","overlay-opacity":"","overlay-gradient":""},"mobile":{"background-color":"","background-image":"","background-repeat":"repeat","background-position":"center center","background-size":"auto","background-attachment":"scroll","background-type":"","background-media":"","overlay-type":"","overlay-color":"","overlay-opacity":"","overlay-gradient":""}},"ast-content-background-meta":{"desktop":{"background-color":"var(--ast-global-color-4)","background-image":"","background-repeat":"repeat","background-position":"center center","background-size":"auto","background-attachment":"scroll","background-type":"","background-media":"","overlay-type":"","overlay-color":"","overlay-opacity":"","overlay-gradient":""},"tablet":{"background-color":"var(--ast-global-color-4)","background-image":"","background-repeat":"repeat","background-position":"center center","background-size":"auto","background-attachment":"scroll","background-type":"","background-media":"","overlay-type":"","overlay-color":"","overlay-opacity":"","overlay-gradient":""},"mobile":{"background-color":"var(--ast-global-color-4)","background-image":"","background-repeat":"repeat","background-position":"center center","background-size":"auto","background-attachment":"scroll","background-type":"","background-media":"","overlay-type":"","overlay-color":"","overlay-opacity":"","overlay-gradient":""}},"footnotes":""},"class_list":["post-4814","page","type-page","status-publish","hentry"],"yoast_head":"<!-- This site is optimized with the Yoast SEO plugin v27.6 - https:\/\/yoast.com\/product\/yoast-seo-wordpress\/ -->\n<title>Expertise - Ing\u00e9nierie et conformit\u00e9 - GTE Automotive<\/title>\n<meta name=\"robots\" content=\"index, follow, max-snippet:-1, max-image-preview:large, max-video-preview:-1\" \/>\n<link rel=\"canonical\" href=\"http:\/\/gtegroupe.com\/index.php\/expertise-ingenierie-et-conformite\/\" \/>\n<meta property=\"og:locale\" content=\"fr_FR\" \/>\n<meta property=\"og:type\" content=\"article\" \/>\n<meta property=\"og:title\" content=\"Expertise - Ing\u00e9nierie et conformit\u00e9 - GTE Automotive\" \/>\n<meta property=\"og:description\" content=\"Expertise Ing\u00e9nierie &amp; conformit\u00e9 Bureau d\u2019\u00e9tudes, homologation et dossiers techniques : nous s\u00e9curisons vos transformations et mises en circulation, avec [&hellip;]\" \/>\n<meta property=\"og:url\" content=\"http:\/\/gtegroupe.com\/index.php\/expertise-ingenierie-et-conformite\/\" \/>\n<meta property=\"og:site_name\" content=\"GTE Automotive\" \/>\n<meta property=\"article:modified_time\" content=\"2025-12-29T16:03:57+00:00\" \/>\n<meta name=\"twitter:card\" content=\"summary_large_image\" \/>\n<meta name=\"twitter:label1\" content=\"Dur\u00e9e de lecture estim\u00e9e\" \/>\n\t<meta name=\"twitter:data1\" content=\"2 minutes\" \/>\n<script type=\"application\/ld+json\" class=\"yoast-schema-graph\">{\"@context\":\"https:\\\/\\\/schema.org\",\"@graph\":[{\"@type\":\"WebPage\",\"@id\":\"http:\\\/\\\/gtegroupe.com\\\/index.php\\\/expertise-ingenierie-et-conformite\\\/\",\"url\":\"http:\\\/\\\/gtegroupe.com\\\/index.php\\\/expertise-ingenierie-et-conformite\\\/\",\"name\":\"Expertise - Ing\u00e9nierie et conformit\u00e9 - GTE Automotive\",\"isPartOf\":{\"@id\":\"https:\\\/\\\/gtegroupe.com\\\/#website\"},\"datePublished\":\"2025-12-29T16:03:56+00:00\",\"dateModified\":\"2025-12-29T16:03:57+00:00\",\"breadcrumb\":{\"@id\":\"http:\\\/\\\/gtegroupe.com\\\/index.php\\\/expertise-ingenierie-et-conformite\\\/#breadcrumb\"},\"inLanguage\":\"fr-FR\",\"potentialAction\":[{\"@type\":\"ReadAction\",\"target\":[\"http:\\\/\\\/gtegroupe.com\\\/index.php\\\/expertise-ingenierie-et-conformite\\\/\"]}]},{\"@type\":\"BreadcrumbList\",\"@id\":\"http:\\\/\\\/gtegroupe.com\\\/index.php\\\/expertise-ingenierie-et-conformite\\\/#breadcrumb\",\"itemListElement\":[{\"@type\":\"ListItem\",\"position\":1,\"name\":\"Accueil\",\"item\":\"https:\\\/\\\/gtegroupe.com\\\/\"},{\"@type\":\"ListItem\",\"position\":2,\"name\":\"Expertise &#8211; Ing\u00e9nierie et conformit\u00e9\"}]},{\"@type\":\"WebSite\",\"@id\":\"https:\\\/\\\/gtegroupe.com\\\/#website\",\"url\":\"https:\\\/\\\/gtegroupe.com\\\/\",\"name\":\"Site GTE Automotive\",\"description\":\"Vous transporter vers l&#039;avenir\",\"publisher\":{\"@id\":\"https:\\\/\\\/gtegroupe.com\\\/#organization\"},\"potentialAction\":[{\"@type\":\"SearchAction\",\"target\":{\"@type\":\"EntryPoint\",\"urlTemplate\":\"https:\\\/\\\/gtegroupe.com\\\/?s={search_term_string}\"},\"query-input\":{\"@type\":\"PropertyValueSpecification\",\"valueRequired\":true,\"valueName\":\"search_term_string\"}}],\"inLanguage\":\"fr-FR\"},{\"@type\":\"Organization\",\"@id\":\"https:\\\/\\\/gtegroupe.com\\\/#organization\",\"name\":\"GTE-Automotive\",\"url\":\"https:\\\/\\\/gtegroupe.com\\\/\",\"logo\":{\"@type\":\"ImageObject\",\"inLanguage\":\"fr-FR\",\"@id\":\"https:\\\/\\\/gtegroupe.com\\\/#\\\/schema\\\/logo\\\/image\\\/\",\"url\":\"http:\\\/\\\/gtegroupe.com\\\/wp-content\\\/uploads\\\/2024\\\/07\\\/gte-automotive-blc.png\",\"contentUrl\":\"http:\\\/\\\/gtegroupe.com\\\/wp-content\\\/uploads\\\/2024\\\/07\\\/gte-automotive-blc.png\",\"width\":1861,\"height\":1142,\"caption\":\"GTE-Automotive\"},\"image\":{\"@id\":\"https:\\\/\\\/gtegroupe.com\\\/#\\\/schema\\\/logo\\\/image\\\/\"}}]}<\/script>\n<!-- \/ Yoast SEO plugin. -->","yoast_head_json":{"title":"Expertise - Ing\u00e9nierie et conformit\u00e9 - GTE Automotive","robots":{"index":"index","follow":"follow","max-snippet":"max-snippet:-1","max-image-preview":"max-image-preview:large","max-video-preview":"max-video-preview:-1"},"canonical":"http:\/\/gtegroupe.com\/index.php\/expertise-ingenierie-et-conformite\/","og_locale":"fr_FR","og_type":"article","og_title":"Expertise - Ing\u00e9nierie et conformit\u00e9 - GTE Automotive","og_description":"Expertise Ing\u00e9nierie &amp; conformit\u00e9 Bureau d\u2019\u00e9tudes, homologation et dossiers techniques : nous s\u00e9curisons vos transformations et mises en circulation, avec [&hellip;]","og_url":"http:\/\/gtegroupe.com\/index.php\/expertise-ingenierie-et-conformite\/","og_site_name":"GTE Automotive","article_modified_time":"2025-12-29T16:03:57+00:00","twitter_card":"summary_large_image","twitter_misc":{"Dur\u00e9e de lecture estim\u00e9e":"2 minutes"},"schema":{"@context":"https:\/\/schema.org","@graph":[{"@type":"WebPage","@id":"http:\/\/gtegroupe.com\/index.php\/expertise-ingenierie-et-conformite\/","url":"http:\/\/gtegroupe.com\/index.php\/expertise-ingenierie-et-conformite\/","name":"Expertise - Ing\u00e9nierie et conformit\u00e9 - GTE Automotive","isPartOf":{"@id":"https:\/\/gtegroupe.com\/#website"},"datePublished":"2025-12-29T16:03:56+00:00","dateModified":"2025-12-29T16:03:57+00:00","breadcrumb":{"@id":"http:\/\/gtegroupe.com\/index.php\/expertise-ingenierie-et-conformite\/#breadcrumb"},"inLanguage":"fr-FR","potentialAction":[{"@type":"ReadAction","target":["http:\/\/gtegroupe.com\/index.php\/expertise-ingenierie-et-conformite\/"]}]},{"@type":"BreadcrumbList","@id":"http:\/\/gtegroupe.com\/index.php\/expertise-ingenierie-et-conformite\/#breadcrumb","itemListElement":[{"@type":"ListItem","position":1,"name":"Accueil","item":"https:\/\/gtegroupe.com\/"},{"@type":"ListItem","position":2,"name":"Expertise &#8211; Ing\u00e9nierie et conformit\u00e9"}]},{"@type":"WebSite","@id":"https:\/\/gtegroupe.com\/#website","url":"https:\/\/gtegroupe.com\/","name":"Site GTE Automotive","description":"Vous transporter vers l&#039;avenir","publisher":{"@id":"https:\/\/gtegroupe.com\/#organization"},"potentialAction":[{"@type":"SearchAction","target":{"@type":"EntryPoint","urlTemplate":"https:\/\/gtegroupe.com\/?s={search_term_string}"},"query-input":{"@type":"PropertyValueSpecification","valueRequired":true,"valueName":"search_term_string"}}],"inLanguage":"fr-FR"},{"@type":"Organization","@id":"https:\/\/gtegroupe.com\/#organization","name":"GTE-Automotive","url":"https:\/\/gtegroupe.com\/","logo":{"@type":"ImageObject","inLanguage":"fr-FR","@id":"https:\/\/gtegroupe.com\/#\/schema\/logo\/image\/","url":"http:\/\/gtegroupe.com\/wp-content\/uploads\/2024\/07\/gte-automotive-blc.png","contentUrl":"http:\/\/gtegroupe.com\/wp-content\/uploads\/2024\/07\/gte-automotive-blc.png","width":1861,"height":1142,"caption":"GTE-Automotive"},"image":{"@id":"https:\/\/gtegroupe.com\/#\/schema\/logo\/image\/"}}]}},"_links":{"self":[{"href":"http:\/\/gtegroupe.com\/index.php\/wp-json\/wp\/v2\/pages\/4814","targetHints":{"allow":["GET"]}}],"collection":[{"href":"http:\/\/gtegroupe.com\/index.php\/wp-json\/wp\/v2\/pages"}],"about":[{"href":"http:\/\/gtegroupe.com\/index.php\/wp-json\/wp\/v2\/types\/page"}],"author":[{"embeddable":true,"href":"http:\/\/gtegroupe.com\/index.php\/wp-json\/wp\/v2\/users\/1"}],"replies":[{"embeddable":true,"href":"http:\/\/gtegroupe.com\/index.php\/wp-json\/wp\/v2\/comments?post=4814"}],"version-history":[{"count":1,"href":"http:\/\/gtegroupe.com\/index.php\/wp-json\/wp\/v2\/pages\/4814\/revisions"}],"predecessor-version":[{"id":4816,"href":"http:\/\/gtegroupe.com\/index.php\/wp-json\/wp\/v2\/pages\/4814\/revisions\/4816"}],"wp:attachment":[{"href":"http:\/\/gtegroupe.com\/index.php\/wp-json\/wp\/v2\/media?parent=4814"}],"curies":[{"name":"wp","href":"https:\/\/api.w.org\/{rel}","templated":true}]}}