{"id":4605,"date":"2024-12-15T20:41:19","date_gmt":"2024-12-15T19:41:19","guid":{"rendered":"https:\/\/gtegroupe.com\/?page_id=4605"},"modified":"2024-12-15T20:52:41","modified_gmt":"2024-12-15T19:52:41","slug":"comptagene","status":"publish","type":"page","link":"http:\/\/gtegroupe.com\/index.php\/on-recrute\/comptagene\/","title":{"rendered":"Recrutement &#8211; Compta G\u00e9n\u00e9rale"},"content":{"rendered":"\t\t<div data-elementor-type=\"wp-page\" data-elementor-id=\"4605\" class=\"elementor elementor-4605\">\n\t\t\t\t<div class=\"elementor-element elementor-element-534a696 e-flex e-con-boxed e-con e-parent\" data-id=\"534a696\" data-element_type=\"container\" data-e-type=\"container\">\n\t\t\t\t\t<div class=\"e-con-inner\">\n\t\t\t\t<div class=\"elementor-element elementor-element-00c21ac elementor-widget elementor-widget-heading\" data-id=\"00c21ac\" data-element_type=\"widget\" data-e-type=\"widget\" data-widget_type=\"heading.default\">\n\t\t\t\t<div class=\"elementor-widget-container\">\n\t\t\t\t\t<h2 class=\"elementor-heading-title elementor-size-default\">ON RECRUTE : COMPTABLE GENERAL<\/h2>\t\t\t\t<\/div>\n\t\t\t\t<\/div>\n\t\t\t\t<div class=\"elementor-element elementor-element-d669c7d elementor-widget elementor-widget-text-editor\" data-id=\"d669c7d\" data-element_type=\"widget\" data-e-type=\"widget\" data-widget_type=\"text-editor.default\">\n\t\t\t\t<div class=\"elementor-widget-container\">\n\t\t\t\t\t\t\t\t\t<p>Le groupe familial et r\u00e9gional GTE AUTOMOTIVE cr\u00e9\u00e9 en 2010, sp\u00e9cialis\u00e9 dans l&rsquo;industrie automobile (conception, am\u00e9nagement, transformation de v\u00e9hicules, conseil&#8230;), est port\u00e9 par des valeurs d&rsquo;innovation et d\u2019\u00e9co responsabilit\u00e9. Nous accompagnons les clients de l&rsquo;analyse du besoin \u00e0 la conception et industrialisation de la demande en passant par le d\u00e9veloppement et les \u00e9tudes diverses.<\/p><p>La croissance du groupe, par l&rsquo;acquisition de DURISOTTI et son projet de Centre Europ\u00e9en de Mobilit\u00e9 D\u00e9carbon\u00e9e cherche \u00e0 recruter pour son \u00e9quipe financi\u00e8re.<\/p><p>Sous la responsabilit\u00e9 du chef comptable, vous avez notamment pour mission de :<\/p><p>&#8211; Saisir et contr\u00f4ler les op\u00e9rations<\/p><p>&#8211; Effectuer les rapprochements bancaires<\/p><p>&#8211; Etablir les d\u00e9clarations de TVA et DEB<\/p><p>&#8211; Pr\u00e9parer les paiements<\/p><p>&#8211; Recueillir et analyser les documents en lien avec les finances et l&rsquo;activit\u00e9 \u00e9conomique de l&rsquo;entreprise<\/p><p>&#8211; Pr\u00e9parer les reportings Groupe<\/p><p>&#8211; Respecter et mettre en place de nouveaux process<\/p><p>Comp\u00e9tences souhait\u00e9es :<\/p><p>&#8211; \u00catre capable de travailler seul ou en \u00e9quipe et rendre compte de son activit\u00e9<\/p><p>&#8211; Adapter ses comportements aux diff\u00e9rents interlocuteurs<\/p><p>&#8211; Assurer la comptabilit\u00e9 g\u00e9n\u00e9rale<\/p><p>&#8211; Poss\u00e9der de bonnes capacit\u00e9s d&rsquo;analyse et de synth\u00e8se<\/p><p>&#8211; \u00catre rigoureux et avoir le sens de la confidentialit\u00e9<\/p><p>&#8211; Force de proposition<\/p><p>Type d&#8217;emploi : Temps plein, CDI, 39h<\/p><p>R\u00e9mun\u00e9ration\u00a0: 30000 &#8211; 35000 par an<\/p><p>Lieu du poste : En pr\u00e9sentiel, Sallaumines<\/p>\t\t\t\t\t\t\t\t<\/div>\n\t\t\t\t<\/div>\n\t\t\t\t\t<\/div>\n\t\t\t\t<\/div>\n\t\t\t\t<\/div>\n\t\t","protected":false},"excerpt":{"rendered":"<p>ON RECRUTE : COMPTABLE GENERAL Le groupe familial et r\u00e9gional GTE AUTOMOTIVE cr\u00e9\u00e9 en 2010, sp\u00e9cialis\u00e9 dans l&rsquo;industrie automobile (conception, [&hellip;]<\/p>\n","protected":false},"author":1,"featured_media":0,"parent":4355,"menu_order":0,"comment_status":"closed","ping_status":"closed","template":"","meta":{"site-sidebar-layout":"default","site-content-layout":"","ast-site-content-layout":"default","site-content-style":"default","site-sidebar-style":"default","ast-global-header-display":"","ast-banner-title-visibility":"","ast-main-header-display":"","ast-hfb-above-header-display":"","ast-hfb-below-header-display":"","ast-hfb-mobile-header-display":"","site-post-title":"","ast-breadcrumbs-content":"","ast-featured-img":"","footer-sml-layout":"","theme-transparent-header-meta":"","adv-header-id-meta":"","stick-header-meta":"","header-above-stick-meta":"","header-main-stick-meta":"","header-below-stick-meta":"","astra-migrate-meta-layouts":"default","ast-page-background-enabled":"default","ast-page-background-meta":{"desktop":{"background-color":"var(--ast-global-color-5)","background-image":"","background-repeat":"repeat","background-position":"center center","background-size":"auto","background-attachment":"scroll","background-type":"","background-media":"","overlay-type":"","overlay-color":"","overlay-opacity":"","overlay-gradient":""},"tablet":{"background-color":"","background-image":"","background-repeat":"repeat","background-position":"center center","background-size":"auto","background-attachment":"scroll","background-type":"","background-media":"","overlay-type":"","overlay-color":"","overlay-opacity":"","overlay-gradient":""},"mobile":{"background-color":"","background-image":"","background-repeat":"repeat","background-position":"center center","background-size":"auto","background-attachment":"scroll","background-type":"","background-media":"","overlay-type":"","overlay-color":"","overlay-opacity":"","overlay-gradient":""}},"ast-content-background-meta":{"desktop":{"background-color":"var(--ast-global-color-4)","background-image":"","background-repeat":"repeat","background-position":"center center","background-size":"auto","background-attachment":"scroll","background-type":"","background-media":"","overlay-type":"","overlay-color":"","overlay-opacity":"","overlay-gradient":""},"tablet":{"background-color":"var(--ast-global-color-4)","background-image":"","background-repeat":"repeat","background-position":"center center","background-size":"auto","background-attachment":"scroll","background-type":"","background-media":"","overlay-type":"","overlay-color":"","overlay-opacity":"","overlay-gradient":""},"mobile":{"background-color":"var(--ast-global-color-4)","background-image":"","background-repeat":"repeat","background-position":"center center","background-size":"auto","background-attachment":"scroll","background-type":"","background-media":"","overlay-type":"","overlay-color":"","overlay-opacity":"","overlay-gradient":""}},"footnotes":""},"class_list":["post-4605","page","type-page","status-publish","hentry"],"yoast_head":"<!-- This site is optimized with the Yoast SEO plugin v27.3 - https:\/\/yoast.com\/product\/yoast-seo-wordpress\/ -->\n<title>Recrutement - Compta G\u00e9n\u00e9rale - GTE Automotive<\/title>\n<meta name=\"robots\" content=\"index, follow, max-snippet:-1, max-image-preview:large, max-video-preview:-1\" \/>\n<link rel=\"canonical\" href=\"https:\/\/gtegroupe.com\/index.php\/on-recrute\/comptagene\/\" \/>\n<meta property=\"og:locale\" content=\"fr_FR\" \/>\n<meta property=\"og:type\" content=\"article\" \/>\n<meta property=\"og:title\" content=\"Recrutement - Compta G\u00e9n\u00e9rale - GTE Automotive\" \/>\n<meta property=\"og:description\" content=\"ON RECRUTE : COMPTABLE GENERAL Le groupe familial et r\u00e9gional GTE AUTOMOTIVE cr\u00e9\u00e9 en 2010, sp\u00e9cialis\u00e9 dans l&rsquo;industrie automobile (conception, [&hellip;]\" \/>\n<meta property=\"og:url\" content=\"https:\/\/gtegroupe.com\/index.php\/on-recrute\/comptagene\/\" \/>\n<meta property=\"og:site_name\" content=\"GTE Automotive\" \/>\n<meta property=\"article:modified_time\" content=\"2024-12-15T19:52:41+00:00\" \/>\n<meta name=\"twitter:card\" content=\"summary_large_image\" \/>\n<meta name=\"twitter:label1\" content=\"Dur\u00e9e de lecture estim\u00e9e\" \/>\n\t<meta name=\"twitter:data1\" content=\"2 minutes\" \/>\n<script type=\"application\/ld+json\" class=\"yoast-schema-graph\">{\"@context\":\"https:\\\/\\\/schema.org\",\"@graph\":[{\"@type\":\"WebPage\",\"@id\":\"https:\\\/\\\/gtegroupe.com\\\/index.php\\\/on-recrute\\\/comptagene\\\/\",\"url\":\"https:\\\/\\\/gtegroupe.com\\\/index.php\\\/on-recrute\\\/comptagene\\\/\",\"name\":\"Recrutement - Compta G\u00e9n\u00e9rale - GTE Automotive\",\"isPartOf\":{\"@id\":\"http:\\\/\\\/gtegroupe.com\\\/#website\"},\"datePublished\":\"2024-12-15T19:41:19+00:00\",\"dateModified\":\"2024-12-15T19:52:41+00:00\",\"breadcrumb\":{\"@id\":\"https:\\\/\\\/gtegroupe.com\\\/index.php\\\/on-recrute\\\/comptagene\\\/#breadcrumb\"},\"inLanguage\":\"fr-FR\",\"potentialAction\":[{\"@type\":\"ReadAction\",\"target\":[\"https:\\\/\\\/gtegroupe.com\\\/index.php\\\/on-recrute\\\/comptagene\\\/\"]}]},{\"@type\":\"BreadcrumbList\",\"@id\":\"https:\\\/\\\/gtegroupe.com\\\/index.php\\\/on-recrute\\\/comptagene\\\/#breadcrumb\",\"itemListElement\":[{\"@type\":\"ListItem\",\"position\":1,\"name\":\"Accueil\",\"item\":\"http:\\\/\\\/gtegroupe.com\\\/\"},{\"@type\":\"ListItem\",\"position\":2,\"name\":\"On recrute !\",\"item\":\"http:\\\/\\\/gtegroupe.com\\\/index.php\\\/on-recrute\\\/\"},{\"@type\":\"ListItem\",\"position\":3,\"name\":\"Recrutement &#8211; Compta G\u00e9n\u00e9rale\"}]},{\"@type\":\"WebSite\",\"@id\":\"http:\\\/\\\/gtegroupe.com\\\/#website\",\"url\":\"http:\\\/\\\/gtegroupe.com\\\/\",\"name\":\"Site GTE Automotive\",\"description\":\"Vous transporter vers l&#039;avenir\",\"publisher\":{\"@id\":\"http:\\\/\\\/gtegroupe.com\\\/#organization\"},\"potentialAction\":[{\"@type\":\"SearchAction\",\"target\":{\"@type\":\"EntryPoint\",\"urlTemplate\":\"http:\\\/\\\/gtegroupe.com\\\/?s={search_term_string}\"},\"query-input\":{\"@type\":\"PropertyValueSpecification\",\"valueRequired\":true,\"valueName\":\"search_term_string\"}}],\"inLanguage\":\"fr-FR\"},{\"@type\":\"Organization\",\"@id\":\"http:\\\/\\\/gtegroupe.com\\\/#organization\",\"name\":\"GTE-Automotive\",\"url\":\"http:\\\/\\\/gtegroupe.com\\\/\",\"logo\":{\"@type\":\"ImageObject\",\"inLanguage\":\"fr-FR\",\"@id\":\"http:\\\/\\\/gtegroupe.com\\\/#\\\/schema\\\/logo\\\/image\\\/\",\"url\":\"http:\\\/\\\/gtegroupe.com\\\/wp-content\\\/uploads\\\/2024\\\/07\\\/gte-automotive-blc.png\",\"contentUrl\":\"http:\\\/\\\/gtegroupe.com\\\/wp-content\\\/uploads\\\/2024\\\/07\\\/gte-automotive-blc.png\",\"width\":1861,\"height\":1142,\"caption\":\"GTE-Automotive\"},\"image\":{\"@id\":\"http:\\\/\\\/gtegroupe.com\\\/#\\\/schema\\\/logo\\\/image\\\/\"}}]}<\/script>\n<!-- \/ Yoast SEO plugin. -->","yoast_head_json":{"title":"Recrutement - Compta G\u00e9n\u00e9rale - GTE Automotive","robots":{"index":"index","follow":"follow","max-snippet":"max-snippet:-1","max-image-preview":"max-image-preview:large","max-video-preview":"max-video-preview:-1"},"canonical":"https:\/\/gtegroupe.com\/index.php\/on-recrute\/comptagene\/","og_locale":"fr_FR","og_type":"article","og_title":"Recrutement - Compta G\u00e9n\u00e9rale - GTE Automotive","og_description":"ON RECRUTE : COMPTABLE GENERAL Le groupe familial et r\u00e9gional GTE AUTOMOTIVE cr\u00e9\u00e9 en 2010, sp\u00e9cialis\u00e9 dans l&rsquo;industrie automobile (conception, [&hellip;]","og_url":"https:\/\/gtegroupe.com\/index.php\/on-recrute\/comptagene\/","og_site_name":"GTE Automotive","article_modified_time":"2024-12-15T19:52:41+00:00","twitter_card":"summary_large_image","twitter_misc":{"Dur\u00e9e de lecture estim\u00e9e":"2 minutes"},"schema":{"@context":"https:\/\/schema.org","@graph":[{"@type":"WebPage","@id":"https:\/\/gtegroupe.com\/index.php\/on-recrute\/comptagene\/","url":"https:\/\/gtegroupe.com\/index.php\/on-recrute\/comptagene\/","name":"Recrutement - Compta G\u00e9n\u00e9rale - GTE Automotive","isPartOf":{"@id":"http:\/\/gtegroupe.com\/#website"},"datePublished":"2024-12-15T19:41:19+00:00","dateModified":"2024-12-15T19:52:41+00:00","breadcrumb":{"@id":"https:\/\/gtegroupe.com\/index.php\/on-recrute\/comptagene\/#breadcrumb"},"inLanguage":"fr-FR","potentialAction":[{"@type":"ReadAction","target":["https:\/\/gtegroupe.com\/index.php\/on-recrute\/comptagene\/"]}]},{"@type":"BreadcrumbList","@id":"https:\/\/gtegroupe.com\/index.php\/on-recrute\/comptagene\/#breadcrumb","itemListElement":[{"@type":"ListItem","position":1,"name":"Accueil","item":"http:\/\/gtegroupe.com\/"},{"@type":"ListItem","position":2,"name":"On recrute !","item":"http:\/\/gtegroupe.com\/index.php\/on-recrute\/"},{"@type":"ListItem","position":3,"name":"Recrutement &#8211; Compta G\u00e9n\u00e9rale"}]},{"@type":"WebSite","@id":"http:\/\/gtegroupe.com\/#website","url":"http:\/\/gtegroupe.com\/","name":"Site GTE Automotive","description":"Vous transporter vers l&#039;avenir","publisher":{"@id":"http:\/\/gtegroupe.com\/#organization"},"potentialAction":[{"@type":"SearchAction","target":{"@type":"EntryPoint","urlTemplate":"http:\/\/gtegroupe.com\/?s={search_term_string}"},"query-input":{"@type":"PropertyValueSpecification","valueRequired":true,"valueName":"search_term_string"}}],"inLanguage":"fr-FR"},{"@type":"Organization","@id":"http:\/\/gtegroupe.com\/#organization","name":"GTE-Automotive","url":"http:\/\/gtegroupe.com\/","logo":{"@type":"ImageObject","inLanguage":"fr-FR","@id":"http:\/\/gtegroupe.com\/#\/schema\/logo\/image\/","url":"http:\/\/gtegroupe.com\/wp-content\/uploads\/2024\/07\/gte-automotive-blc.png","contentUrl":"http:\/\/gtegroupe.com\/wp-content\/uploads\/2024\/07\/gte-automotive-blc.png","width":1861,"height":1142,"caption":"GTE-Automotive"},"image":{"@id":"http:\/\/gtegroupe.com\/#\/schema\/logo\/image\/"}}]}},"_links":{"self":[{"href":"http:\/\/gtegroupe.com\/index.php\/wp-json\/wp\/v2\/pages\/4605","targetHints":{"allow":["GET"]}}],"collection":[{"href":"http:\/\/gtegroupe.com\/index.php\/wp-json\/wp\/v2\/pages"}],"about":[{"href":"http:\/\/gtegroupe.com\/index.php\/wp-json\/wp\/v2\/types\/page"}],"author":[{"embeddable":true,"href":"http:\/\/gtegroupe.com\/index.php\/wp-json\/wp\/v2\/users\/1"}],"replies":[{"embeddable":true,"href":"http:\/\/gtegroupe.com\/index.php\/wp-json\/wp\/v2\/comments?post=4605"}],"version-history":[{"count":9,"href":"http:\/\/gtegroupe.com\/index.php\/wp-json\/wp\/v2\/pages\/4605\/revisions"}],"predecessor-version":[{"id":4616,"href":"http:\/\/gtegroupe.com\/index.php\/wp-json\/wp\/v2\/pages\/4605\/revisions\/4616"}],"up":[{"embeddable":true,"href":"http:\/\/gtegroupe.com\/index.php\/wp-json\/wp\/v2\/pages\/4355"}],"wp:attachment":[{"href":"http:\/\/gtegroupe.com\/index.php\/wp-json\/wp\/v2\/media?parent=4605"}],"curies":[{"name":"wp","href":"https:\/\/api.w.org\/{rel}","templated":true}]}}