{"id":4555,"date":"2024-11-27T17:48:54","date_gmt":"2024-11-27T16:48:54","guid":{"rendered":"https:\/\/gtegroupe.com\/?page_id=4555"},"modified":"2024-11-27T17:48:56","modified_gmt":"2024-11-27T16:48:56","slug":"durisotti-produits","status":"publish","type":"page","link":"http:\/\/gtegroupe.com\/index.php\/durisotti-produits\/","title":{"rendered":"Durisotti &#8211; Produits"},"content":{"rendered":"\t\t<div data-elementor-type=\"wp-page\" data-elementor-id=\"4555\" class=\"elementor elementor-4555\">\n\t\t\t\t<div class=\"elementor-element elementor-element-2d608cd e-flex e-con-boxed e-con e-parent\" data-id=\"2d608cd\" data-element_type=\"container\" data-e-type=\"container\">\n\t\t\t\t\t<div class=\"e-con-inner\">\n\t\t<div class=\"elementor-element elementor-element-bca1a54 e-con-full e-flex e-con e-child\" data-id=\"bca1a54\" data-element_type=\"container\" data-e-type=\"container\">\n\t\t\t\t<div class=\"elementor-element elementor-element-66c04b9 elementor-widget elementor-widget-heading\" data-id=\"66c04b9\" data-element_type=\"widget\" data-e-type=\"widget\" data-widget_type=\"heading.default\">\n\t\t\t\t<div class=\"elementor-widget-container\">\n\t\t\t\t\t<h2 class=\"elementor-heading-title elementor-size-default\">Nos produits et nos catalogues<\/h2>\t\t\t\t<\/div>\n\t\t\t\t<\/div>\n\t\t\t\t<div class=\"elementor-element elementor-element-00d7c46 elementor-widget elementor-widget-text-editor\" data-id=\"00d7c46\" data-element_type=\"widget\" data-e-type=\"widget\" data-widget_type=\"text-editor.default\">\n\t\t\t\t<div class=\"elementor-widget-container\">\n\t\t\t\t\t\t\t\t\t<p><a href=\"https:\/\/www.durisotti.com\/\">Durisotti<\/a>\u00a0accompagne les constructeurs dans leurs productions en usine ou leurs projets \u00e0 destination de leur r\u00e9seaux et des\u00a0<strong>utilisateurs priv\u00e9s et publics<\/strong>.<\/p>\t\t\t\t\t\t\t\t<\/div>\n\t\t\t\t<\/div>\n\t\t\t\t<\/div>\n\t\t<div class=\"elementor-element elementor-element-008a112 e-con-full e-flex e-con e-child\" data-id=\"008a112\" data-element_type=\"container\" data-e-type=\"container\">\n\t\t\t\t<div class=\"elementor-element elementor-element-7362a0b elementor-widget elementor-widget-image\" data-id=\"7362a0b\" data-element_type=\"widget\" data-e-type=\"widget\" data-widget_type=\"image.default\">\n\t\t\t\t<div class=\"elementor-widget-container\">\n\t\t\t\t\t\t\t\t\t\t\t\t\t\t\t<img fetchpriority=\"high\" decoding=\"async\" width=\"747\" height=\"580\" src=\"https:\/\/gtegroupe.com\/wp-content\/uploads\/2024\/09\/header-produits.png\" class=\"attachment-large size-large wp-image-4556\" alt=\"\" \/>\t\t\t\t\t\t\t\t\t\t\t\t\t\t\t<\/div>\n\t\t\t\t<\/div>\n\t\t\t\t<\/div>\n\t\t\t\t\t<\/div>\n\t\t\t\t<\/div>\n\t\t<div class=\"elementor-element elementor-element-177f3a9 e-flex e-con-boxed e-con e-parent\" data-id=\"177f3a9\" data-element_type=\"container\" data-e-type=\"container\">\n\t\t\t\t\t<div class=\"e-con-inner\">\n\t\t<div class=\"elementor-element elementor-element-f2b2eaf e-con-full e-flex e-con e-child\" data-id=\"f2b2eaf\" data-element_type=\"container\" data-e-type=\"container\">\n\t\t\t\t<div class=\"elementor-element elementor-element-cbab159 elementor-widget elementor-widget-heading\" data-id=\"cbab159\" data-element_type=\"widget\" data-e-type=\"widget\" data-widget_type=\"heading.default\">\n\t\t\t\t<div class=\"elementor-widget-container\">\n\t\t\t\t\t<h2 class=\"elementor-heading-title elementor-size-default\">Nos catalogues<\/h2>\t\t\t\t<\/div>\n\t\t\t\t<\/div>\n\t\t\t\t<div class=\"elementor-element elementor-element-eaeaff5 elementor-widget elementor-widget-text-editor\" data-id=\"eaeaff5\" data-element_type=\"widget\" data-e-type=\"widget\" data-widget_type=\"text-editor.default\">\n\t\t\t\t<div class=\"elementor-widget-container\">\n\t\t\t\t\t\t\t\t\t<p>Consultez nos catalogues en ligne.<br \/>Cliquez sur la marque de votre choix pour consulter nos catalogues en ligne<\/p>\t\t\t\t\t\t\t\t<\/div>\n\t\t\t\t<\/div>\n\t\t\t\t<\/div>\n\t\t\t\t\t<\/div>\n\t\t\t\t<\/div>\n\t\t<div class=\"elementor-element elementor-element-19f7ebb e-flex e-con-boxed e-con e-parent\" data-id=\"19f7ebb\" data-element_type=\"container\" data-e-type=\"container\">\n\t\t\t\t\t<div class=\"e-con-inner\">\n\t\t<div class=\"elementor-element elementor-element-5719e11 e-con-full e-flex e-con e-child\" data-id=\"5719e11\" data-element_type=\"container\" data-e-type=\"container\">\n\t\t\t\t<div class=\"elementor-element elementor-element-b4039b7 elementor-widget__width-initial elementor-widget elementor-widget-image\" data-id=\"b4039b7\" data-element_type=\"widget\" data-e-type=\"widget\" data-widget_type=\"image.default\">\n\t\t\t\t<div class=\"elementor-widget-container\">\n\t\t\t\t\t\t\t\t\t\t\t\t\t\t\t<img decoding=\"async\" width=\"136\" height=\"188\" src=\"https:\/\/gtegroupe.com\/wp-content\/uploads\/2024\/09\/catalog.png\" class=\"attachment-large size-large wp-image-4561\" alt=\"\" \/>\t\t\t\t\t\t\t\t\t\t\t\t\t\t\t<\/div>\n\t\t\t\t<\/div>\n\t\t\t\t<div class=\"elementor-element elementor-element-0c50125 elementor-widget elementor-widget-button\" data-id=\"0c50125\" data-element_type=\"widget\" data-e-type=\"widget\" data-widget_type=\"button.default\">\n\t\t\t\t<div class=\"elementor-widget-container\">\n\t\t\t\t\t\t\t\t\t<div class=\"elementor-button-wrapper\">\n\t\t\t\t\t<a class=\"elementor-button elementor-button-link elementor-size-sm\" href=\"\" target=\"_blank\">\n\t\t\t\t\t\t<span class=\"elementor-button-content-wrapper\">\n\t\t\t\t\t\t\t\t\t<span class=\"elementor-button-text\">Voir en Ligne<\/span>\n\t\t\t\t\t<\/span>\n\t\t\t\t\t<\/a>\n\t\t\t\t<\/div>\n\t\t\t\t\t\t\t\t<\/div>\n\t\t\t\t<\/div>\n\t\t\t\t<\/div>\n\t\t\t\t<div class=\"elementor-element elementor-element-1a751ce elementor-widget__width-initial elementor-widget elementor-widget-text-editor\" data-id=\"1a751ce\" data-element_type=\"widget\" data-e-type=\"widget\" data-widget_type=\"text-editor.default\">\n\t\t\t\t<div class=\"elementor-widget-container\">\n\t\t\t\t\t\t\t\t\t<h3 class=\"h4\">Citro\u00ebn<\/h3><div class=\"fs-14\"><p>D\u00e9couvrez le catalogue de nos transformations Citro\u00ebn : pr\u00e9sentation, univers, contacts\u2026<\/p><\/div>\t\t\t\t\t\t\t\t<\/div>\n\t\t\t\t<\/div>\n\t\t<div class=\"elementor-element elementor-element-380d963 e-con-full e-flex e-con e-child\" data-id=\"380d963\" data-element_type=\"container\" data-e-type=\"container\">\n\t\t\t\t<div class=\"elementor-element elementor-element-cafe2bc elementor-widget__width-initial elementor-widget elementor-widget-image\" data-id=\"cafe2bc\" data-element_type=\"widget\" data-e-type=\"widget\" data-widget_type=\"image.default\">\n\t\t\t\t<div class=\"elementor-widget-container\">\n\t\t\t\t\t\t\t\t\t\t\t\t\t\t\t<img decoding=\"async\" width=\"136\" height=\"188\" src=\"https:\/\/gtegroupe.com\/wp-content\/uploads\/2024\/09\/catalog.png\" class=\"attachment-large size-large wp-image-4561\" alt=\"\" \/>\t\t\t\t\t\t\t\t\t\t\t\t\t\t\t<\/div>\n\t\t\t\t<\/div>\n\t\t\t\t<div class=\"elementor-element elementor-element-c75bfb5 elementor-align-center elementor-widget elementor-widget-button\" data-id=\"c75bfb5\" data-element_type=\"widget\" data-e-type=\"widget\" data-widget_type=\"button.default\">\n\t\t\t\t<div class=\"elementor-widget-container\">\n\t\t\t\t\t\t\t\t\t<div class=\"elementor-button-wrapper\">\n\t\t\t\t\t<a class=\"elementor-button elementor-button-link elementor-size-sm\" href=\"\" target=\"_blank\">\n\t\t\t\t\t\t<span class=\"elementor-button-content-wrapper\">\n\t\t\t\t\t\t\t\t\t<span class=\"elementor-button-text\">Voir en Ligne<\/span>\n\t\t\t\t\t<\/span>\n\t\t\t\t\t<\/a>\n\t\t\t\t<\/div>\n\t\t\t\t\t\t\t\t<\/div>\n\t\t\t\t<\/div>\n\t\t\t\t<\/div>\n\t\t<div class=\"elementor-element elementor-element-64dd164 e-con-full e-flex e-con e-child\" data-id=\"64dd164\" data-element_type=\"container\" data-e-type=\"container\">\n\t\t\t\t<div class=\"elementor-element elementor-element-b804c15 elementor-widget__width-initial elementor-widget elementor-widget-text-editor\" data-id=\"b804c15\" data-element_type=\"widget\" data-e-type=\"widget\" data-widget_type=\"text-editor.default\">\n\t\t\t\t<div class=\"elementor-widget-container\">\n\t\t\t\t\t\t\t\t\t<h3 class=\"h4\">Renault<\/h3><div class=\"fs-14\"><p>D\u00e9couvrez le catalogue de nos transformations Renault : pr\u00e9sentation, univers, contacts\u2026<\/p><\/div>\t\t\t\t\t\t\t\t<\/div>\n\t\t\t\t<\/div>\n\t\t\t\t<\/div>\n\t\t<div class=\"elementor-element elementor-element-0b08a05 e-con-full e-flex e-con e-child\" data-id=\"0b08a05\" data-element_type=\"container\" data-e-type=\"container\">\n\t\t\t\t<div class=\"elementor-element elementor-element-1b3cbb1 elementor-widget__width-initial elementor-widget elementor-widget-image\" data-id=\"1b3cbb1\" data-element_type=\"widget\" data-e-type=\"widget\" data-widget_type=\"image.default\">\n\t\t\t\t<div class=\"elementor-widget-container\">\n\t\t\t\t\t\t\t\t\t\t\t\t\t\t\t<img decoding=\"async\" width=\"136\" height=\"188\" src=\"https:\/\/gtegroupe.com\/wp-content\/uploads\/2024\/09\/catalog.png\" class=\"attachment-large size-large wp-image-4561\" alt=\"\" \/>\t\t\t\t\t\t\t\t\t\t\t\t\t\t\t<\/div>\n\t\t\t\t<\/div>\n\t\t\t\t<div class=\"elementor-element elementor-element-9f97b54 elementor-align-center elementor-widget elementor-widget-button\" data-id=\"9f97b54\" data-element_type=\"widget\" data-e-type=\"widget\" data-widget_type=\"button.default\">\n\t\t\t\t<div class=\"elementor-widget-container\">\n\t\t\t\t\t\t\t\t\t<div class=\"elementor-button-wrapper\">\n\t\t\t\t\t<a class=\"elementor-button elementor-button-link elementor-size-sm\" href=\"\" target=\"_blank\">\n\t\t\t\t\t\t<span class=\"elementor-button-content-wrapper\">\n\t\t\t\t\t\t\t\t\t<span class=\"elementor-button-text\">Voir en Ligne<\/span>\n\t\t\t\t\t<\/span>\n\t\t\t\t\t<\/a>\n\t\t\t\t<\/div>\n\t\t\t\t\t\t\t\t<\/div>\n\t\t\t\t<\/div>\n\t\t\t\t<\/div>\n\t\t<div class=\"elementor-element elementor-element-d758330 e-con-full e-flex e-con e-child\" data-id=\"d758330\" data-element_type=\"container\" data-e-type=\"container\">\n\t\t\t\t<div class=\"elementor-element elementor-element-f423f92 elementor-widget__width-initial elementor-widget elementor-widget-text-editor\" data-id=\"f423f92\" data-element_type=\"widget\" data-e-type=\"widget\" data-widget_type=\"text-editor.default\">\n\t\t\t\t<div class=\"elementor-widget-container\">\n\t\t\t\t\t\t\t\t\t<h3 class=\"h4\">Peugeot<\/h3><div class=\"fs-14\"><p>D\u00e9couvrez le catalogue de nos transformations Peugeot : pr\u00e9sentation, univers, contacts\u2026<\/p><\/div>\t\t\t\t\t\t\t\t<\/div>\n\t\t\t\t<\/div>\n\t\t\t\t<\/div>\n\t\t\t\t\t<\/div>\n\t\t\t\t<\/div>\n\t\t\t\t<\/div>\n\t\t","protected":false},"excerpt":{"rendered":"<p>Nos produits et nos catalogues Durisotti\u00a0accompagne les constructeurs dans leurs productions en usine ou leurs projets \u00e0 destination de leur [&hellip;]<\/p>\n","protected":false},"author":1,"featured_media":0,"parent":0,"menu_order":0,"comment_status":"closed","ping_status":"closed","template":"","meta":{"site-sidebar-layout":"default","site-content-layout":"","ast-site-content-layout":"default","site-content-style":"default","site-sidebar-style":"default","ast-global-header-display":"","ast-banner-title-visibility":"","ast-main-header-display":"","ast-hfb-above-header-display":"","ast-hfb-below-header-display":"","ast-hfb-mobile-header-display":"","site-post-title":"","ast-breadcrumbs-content":"","ast-featured-img":"","footer-sml-layout":"","theme-transparent-header-meta":"","adv-header-id-meta":"","stick-header-meta":"","header-above-stick-meta":"","header-main-stick-meta":"","header-below-stick-meta":"","astra-migrate-meta-layouts":"default","ast-page-background-enabled":"default","ast-page-background-meta":{"desktop":{"background-color":"var(--ast-global-color-5)","background-image":"","background-repeat":"repeat","background-position":"center center","background-size":"auto","background-attachment":"scroll","background-type":"","background-media":"","overlay-type":"","overlay-color":"","overlay-opacity":"","overlay-gradient":""},"tablet":{"background-color":"","background-image":"","background-repeat":"repeat","background-position":"center center","background-size":"auto","background-attachment":"scroll","background-type":"","background-media":"","overlay-type":"","overlay-color":"","overlay-opacity":"","overlay-gradient":""},"mobile":{"background-color":"","background-image":"","background-repeat":"repeat","background-position":"center center","background-size":"auto","background-attachment":"scroll","background-type":"","background-media":"","overlay-type":"","overlay-color":"","overlay-opacity":"","overlay-gradient":""}},"ast-content-background-meta":{"desktop":{"background-color":"var(--ast-global-color-4)","background-image":"","background-repeat":"repeat","background-position":"center center","background-size":"auto","background-attachment":"scroll","background-type":"","background-media":"","overlay-type":"","overlay-color":"","overlay-opacity":"","overlay-gradient":""},"tablet":{"background-color":"var(--ast-global-color-4)","background-image":"","background-repeat":"repeat","background-position":"center center","background-size":"auto","background-attachment":"scroll","background-type":"","background-media":"","overlay-type":"","overlay-color":"","overlay-opacity":"","overlay-gradient":""},"mobile":{"background-color":"var(--ast-global-color-4)","background-image":"","background-repeat":"repeat","background-position":"center center","background-size":"auto","background-attachment":"scroll","background-type":"","background-media":"","overlay-type":"","overlay-color":"","overlay-opacity":"","overlay-gradient":""}},"footnotes":""},"class_list":["post-4555","page","type-page","status-publish","hentry"],"yoast_head":"<!-- This site is optimized with the Yoast SEO plugin v27.3 - https:\/\/yoast.com\/product\/yoast-seo-wordpress\/ -->\n<title>Durisotti - Produits - GTE Automotive<\/title>\n<meta name=\"robots\" content=\"index, follow, max-snippet:-1, max-image-preview:large, max-video-preview:-1\" \/>\n<link rel=\"canonical\" href=\"https:\/\/gtegroupe.com\/index.php\/durisotti-produits\/\" \/>\n<meta property=\"og:locale\" content=\"fr_FR\" \/>\n<meta property=\"og:type\" content=\"article\" \/>\n<meta property=\"og:title\" content=\"Durisotti - Produits - GTE Automotive\" \/>\n<meta property=\"og:description\" content=\"Nos produits et nos catalogues Durisotti\u00a0accompagne les constructeurs dans leurs productions en usine ou leurs projets \u00e0 destination de leur [&hellip;]\" \/>\n<meta property=\"og:url\" content=\"https:\/\/gtegroupe.com\/index.php\/durisotti-produits\/\" \/>\n<meta property=\"og:site_name\" content=\"GTE Automotive\" \/>\n<meta property=\"article:modified_time\" content=\"2024-11-27T16:48:56+00:00\" \/>\n<meta property=\"og:image\" content=\"http:\/\/gtegroupe.com\/wp-content\/uploads\/2024\/09\/header-produits.png\" \/>\n<meta name=\"twitter:card\" content=\"summary_large_image\" \/>\n<meta name=\"twitter:label1\" content=\"Dur\u00e9e de lecture estim\u00e9e\" \/>\n\t<meta name=\"twitter:data1\" content=\"2 minutes\" \/>\n<script type=\"application\/ld+json\" class=\"yoast-schema-graph\">{\"@context\":\"https:\\\/\\\/schema.org\",\"@graph\":[{\"@type\":\"WebPage\",\"@id\":\"https:\\\/\\\/gtegroupe.com\\\/index.php\\\/durisotti-produits\\\/\",\"url\":\"https:\\\/\\\/gtegroupe.com\\\/index.php\\\/durisotti-produits\\\/\",\"name\":\"Durisotti - Produits - GTE Automotive\",\"isPartOf\":{\"@id\":\"http:\\\/\\\/gtegroupe.com\\\/#website\"},\"primaryImageOfPage\":{\"@id\":\"https:\\\/\\\/gtegroupe.com\\\/index.php\\\/durisotti-produits\\\/#primaryimage\"},\"image\":{\"@id\":\"https:\\\/\\\/gtegroupe.com\\\/index.php\\\/durisotti-produits\\\/#primaryimage\"},\"thumbnailUrl\":\"http:\\\/\\\/gtegroupe.com\\\/wp-content\\\/uploads\\\/2024\\\/09\\\/header-produits.png\",\"datePublished\":\"2024-11-27T16:48:54+00:00\",\"dateModified\":\"2024-11-27T16:48:56+00:00\",\"breadcrumb\":{\"@id\":\"https:\\\/\\\/gtegroupe.com\\\/index.php\\\/durisotti-produits\\\/#breadcrumb\"},\"inLanguage\":\"fr-FR\",\"potentialAction\":[{\"@type\":\"ReadAction\",\"target\":[\"https:\\\/\\\/gtegroupe.com\\\/index.php\\\/durisotti-produits\\\/\"]}]},{\"@type\":\"ImageObject\",\"inLanguage\":\"fr-FR\",\"@id\":\"https:\\\/\\\/gtegroupe.com\\\/index.php\\\/durisotti-produits\\\/#primaryimage\",\"url\":\"http:\\\/\\\/gtegroupe.com\\\/wp-content\\\/uploads\\\/2024\\\/09\\\/header-produits.png\",\"contentUrl\":\"http:\\\/\\\/gtegroupe.com\\\/wp-content\\\/uploads\\\/2024\\\/09\\\/header-produits.png\"},{\"@type\":\"BreadcrumbList\",\"@id\":\"https:\\\/\\\/gtegroupe.com\\\/index.php\\\/durisotti-produits\\\/#breadcrumb\",\"itemListElement\":[{\"@type\":\"ListItem\",\"position\":1,\"name\":\"Accueil\",\"item\":\"http:\\\/\\\/gtegroupe.com\\\/\"},{\"@type\":\"ListItem\",\"position\":2,\"name\":\"Durisotti &#8211; Produits\"}]},{\"@type\":\"WebSite\",\"@id\":\"http:\\\/\\\/gtegroupe.com\\\/#website\",\"url\":\"http:\\\/\\\/gtegroupe.com\\\/\",\"name\":\"Site GTE Automotive\",\"description\":\"Vous transporter vers l&#039;avenir\",\"publisher\":{\"@id\":\"http:\\\/\\\/gtegroupe.com\\\/#organization\"},\"potentialAction\":[{\"@type\":\"SearchAction\",\"target\":{\"@type\":\"EntryPoint\",\"urlTemplate\":\"http:\\\/\\\/gtegroupe.com\\\/?s={search_term_string}\"},\"query-input\":{\"@type\":\"PropertyValueSpecification\",\"valueRequired\":true,\"valueName\":\"search_term_string\"}}],\"inLanguage\":\"fr-FR\"},{\"@type\":\"Organization\",\"@id\":\"http:\\\/\\\/gtegroupe.com\\\/#organization\",\"name\":\"GTE-Automotive\",\"url\":\"http:\\\/\\\/gtegroupe.com\\\/\",\"logo\":{\"@type\":\"ImageObject\",\"inLanguage\":\"fr-FR\",\"@id\":\"http:\\\/\\\/gtegroupe.com\\\/#\\\/schema\\\/logo\\\/image\\\/\",\"url\":\"http:\\\/\\\/gtegroupe.com\\\/wp-content\\\/uploads\\\/2024\\\/07\\\/gte-automotive-blc.png\",\"contentUrl\":\"http:\\\/\\\/gtegroupe.com\\\/wp-content\\\/uploads\\\/2024\\\/07\\\/gte-automotive-blc.png\",\"width\":1861,\"height\":1142,\"caption\":\"GTE-Automotive\"},\"image\":{\"@id\":\"http:\\\/\\\/gtegroupe.com\\\/#\\\/schema\\\/logo\\\/image\\\/\"}}]}<\/script>\n<!-- \/ Yoast SEO plugin. -->","yoast_head_json":{"title":"Durisotti - Produits - GTE Automotive","robots":{"index":"index","follow":"follow","max-snippet":"max-snippet:-1","max-image-preview":"max-image-preview:large","max-video-preview":"max-video-preview:-1"},"canonical":"https:\/\/gtegroupe.com\/index.php\/durisotti-produits\/","og_locale":"fr_FR","og_type":"article","og_title":"Durisotti - Produits - GTE Automotive","og_description":"Nos produits et nos catalogues Durisotti\u00a0accompagne les constructeurs dans leurs productions en usine ou leurs projets \u00e0 destination de leur [&hellip;]","og_url":"https:\/\/gtegroupe.com\/index.php\/durisotti-produits\/","og_site_name":"GTE Automotive","article_modified_time":"2024-11-27T16:48:56+00:00","og_image":[{"url":"http:\/\/gtegroupe.com\/wp-content\/uploads\/2024\/09\/header-produits.png","type":"","width":"","height":""}],"twitter_card":"summary_large_image","twitter_misc":{"Dur\u00e9e de lecture estim\u00e9e":"2 minutes"},"schema":{"@context":"https:\/\/schema.org","@graph":[{"@type":"WebPage","@id":"https:\/\/gtegroupe.com\/index.php\/durisotti-produits\/","url":"https:\/\/gtegroupe.com\/index.php\/durisotti-produits\/","name":"Durisotti - Produits - GTE Automotive","isPartOf":{"@id":"http:\/\/gtegroupe.com\/#website"},"primaryImageOfPage":{"@id":"https:\/\/gtegroupe.com\/index.php\/durisotti-produits\/#primaryimage"},"image":{"@id":"https:\/\/gtegroupe.com\/index.php\/durisotti-produits\/#primaryimage"},"thumbnailUrl":"http:\/\/gtegroupe.com\/wp-content\/uploads\/2024\/09\/header-produits.png","datePublished":"2024-11-27T16:48:54+00:00","dateModified":"2024-11-27T16:48:56+00:00","breadcrumb":{"@id":"https:\/\/gtegroupe.com\/index.php\/durisotti-produits\/#breadcrumb"},"inLanguage":"fr-FR","potentialAction":[{"@type":"ReadAction","target":["https:\/\/gtegroupe.com\/index.php\/durisotti-produits\/"]}]},{"@type":"ImageObject","inLanguage":"fr-FR","@id":"https:\/\/gtegroupe.com\/index.php\/durisotti-produits\/#primaryimage","url":"http:\/\/gtegroupe.com\/wp-content\/uploads\/2024\/09\/header-produits.png","contentUrl":"http:\/\/gtegroupe.com\/wp-content\/uploads\/2024\/09\/header-produits.png"},{"@type":"BreadcrumbList","@id":"https:\/\/gtegroupe.com\/index.php\/durisotti-produits\/#breadcrumb","itemListElement":[{"@type":"ListItem","position":1,"name":"Accueil","item":"http:\/\/gtegroupe.com\/"},{"@type":"ListItem","position":2,"name":"Durisotti &#8211; Produits"}]},{"@type":"WebSite","@id":"http:\/\/gtegroupe.com\/#website","url":"http:\/\/gtegroupe.com\/","name":"Site GTE Automotive","description":"Vous transporter vers l&#039;avenir","publisher":{"@id":"http:\/\/gtegroupe.com\/#organization"},"potentialAction":[{"@type":"SearchAction","target":{"@type":"EntryPoint","urlTemplate":"http:\/\/gtegroupe.com\/?s={search_term_string}"},"query-input":{"@type":"PropertyValueSpecification","valueRequired":true,"valueName":"search_term_string"}}],"inLanguage":"fr-FR"},{"@type":"Organization","@id":"http:\/\/gtegroupe.com\/#organization","name":"GTE-Automotive","url":"http:\/\/gtegroupe.com\/","logo":{"@type":"ImageObject","inLanguage":"fr-FR","@id":"http:\/\/gtegroupe.com\/#\/schema\/logo\/image\/","url":"http:\/\/gtegroupe.com\/wp-content\/uploads\/2024\/07\/gte-automotive-blc.png","contentUrl":"http:\/\/gtegroupe.com\/wp-content\/uploads\/2024\/07\/gte-automotive-blc.png","width":1861,"height":1142,"caption":"GTE-Automotive"},"image":{"@id":"http:\/\/gtegroupe.com\/#\/schema\/logo\/image\/"}}]}},"_links":{"self":[{"href":"http:\/\/gtegroupe.com\/index.php\/wp-json\/wp\/v2\/pages\/4555","targetHints":{"allow":["GET"]}}],"collection":[{"href":"http:\/\/gtegroupe.com\/index.php\/wp-json\/wp\/v2\/pages"}],"about":[{"href":"http:\/\/gtegroupe.com\/index.php\/wp-json\/wp\/v2\/types\/page"}],"author":[{"embeddable":true,"href":"http:\/\/gtegroupe.com\/index.php\/wp-json\/wp\/v2\/users\/1"}],"replies":[{"embeddable":true,"href":"http:\/\/gtegroupe.com\/index.php\/wp-json\/wp\/v2\/comments?post=4555"}],"version-history":[{"count":10,"href":"http:\/\/gtegroupe.com\/index.php\/wp-json\/wp\/v2\/pages\/4555\/revisions"}],"predecessor-version":[{"id":4567,"href":"http:\/\/gtegroupe.com\/index.php\/wp-json\/wp\/v2\/pages\/4555\/revisions\/4567"}],"wp:attachment":[{"href":"http:\/\/gtegroupe.com\/index.php\/wp-json\/wp\/v2\/media?parent=4555"}],"curies":[{"name":"wp","href":"https:\/\/api.w.org\/{rel}","templated":true}]}}