{"id":4451,"date":"2024-07-13T15:34:58","date_gmt":"2024-07-13T13:34:58","guid":{"rendered":"https:\/\/gtegroupe.com\/?page_id=4451"},"modified":"2024-07-13T15:59:48","modified_gmt":"2024-07-13T13:59:48","slug":"coordinateur-planification-et-approvisionnement","status":"publish","type":"page","link":"http:\/\/gtegroupe.com\/index.php\/on-recrute\/coordinateur-planification-et-approvisionnement\/","title":{"rendered":"Recrutement Coordinateur Planification et Approvisionnement"},"content":{"rendered":"\t\t<div data-elementor-type=\"wp-page\" data-elementor-id=\"4451\" class=\"elementor elementor-4451\">\n\t\t\t\t<div class=\"elementor-element elementor-element-067f301 e-flex e-con-boxed e-con e-parent\" data-id=\"067f301\" data-element_type=\"container\" data-e-type=\"container\">\n\t\t\t\t\t<div class=\"e-con-inner\">\n\t\t\t\t<div class=\"elementor-element elementor-element-c118c17 elementor-widget elementor-widget-image\" data-id=\"c118c17\" data-element_type=\"widget\" data-e-type=\"widget\" data-widget_type=\"image.default\">\n\t\t\t\t<div class=\"elementor-widget-container\">\n\t\t\t\t\t\t\t\t\t\t\t\t\t\t\t<img decoding=\"async\" src=\"https:\/\/gtegroupe.com\/wp-content\/uploads\/2024\/07\/csm_werkstattkoordinator_24d0baa393.jpg\" title=\"csm_werkstattkoordinator_24d0baa393\" alt=\"coordinateur production\" loading=\"lazy\" \/>\t\t\t\t\t\t\t\t\t\t\t\t\t\t\t<\/div>\n\t\t\t\t<\/div>\n\t\t\t\t<div class=\"elementor-element elementor-element-e890100 elementor-widget elementor-widget-text-editor\" data-id=\"e890100\" data-element_type=\"widget\" data-e-type=\"widget\" data-widget_type=\"text-editor.default\">\n\t\t\t\t<div class=\"elementor-widget-container\">\n\t\t\t\t\t\t\t\t\t<p><strong>Lieu :<\/strong> Lesquin CRT<\/p><p><strong>FONCTION : Coordinateur planification et approvisionnement<\/strong><\/p><p><strong>R\u00e9sum\u00e9 :<\/strong><\/p><p>Assure la gestion quotidienne de la planification de la production de l&rsquo;atelier am\u00e9nagement de Lesquin (20 personnes) en prenant en compte les diff\u00e9rentes contraintes et r\u00e9alise les approvisionnements en mati\u00e8res premi\u00e8res du site.<\/p><p><strong>Planification de la production :<\/strong><\/p><p>\u00b7 G\u00e8re le plan pr\u00e9visionnel et le plan r\u00e9el de production<\/p><p>\u00b7 Ajuste les plannings au quotidien<\/p><p>\u00b7 Met \u00e0 disposition les dossiers de production \u00e0 l\u2019atelier<\/p><p>\u00b7 G\u00e8re le plan de charge de l\u2019atelier en fonction des ressources<\/p><p><strong>Gestion des approvisionnements :<\/strong><\/p><p>\u00b7 En liaison avec la fonction \u00ab Achats \u00bb, met en \u0153uvre les approvisionnements n\u00e9cessaires \u00e0 la production des dossiers<\/p><p>\u00b7 Anticiper des approvisionnements en fonction des dates d\u2019arriv\u00e9e des v\u00e9hicules<\/p><p>\u00b7 Garantir la disponibilit\u00e9 des produits et les niveaux de stocks<\/p><p>\u00b7 Passer les commandes de mati\u00e8res premi\u00e8res et suivre le forecast \u00e0 l\u2019aide de l\u2019ERP<\/p><p>\u00b7 Appliquer et d\u00e9velopper le processus d\u2019am\u00e9lioration continue<\/p><p><strong>G\u00e9n\u00e9ral :<\/strong><\/p><p>\u00b7 S\u2019assure de la conformit\u00e9 de son travail<\/p><p>\u00b7 Proc\u00e8de \u00e0 l\u2019enregistrement de ses activit\u00e9s<\/p><p>\u00b7 Assure l\u2019ordre et le rangement de son bureau et des commandes<\/p><p>\u00b7 S\u2019assure que tous les moyens n\u00e9cessaires pour la qualit\u00e9 et la productivit\u00e9 sont \u00e0 sa disposition<\/p><p>\u00b7 Signale toute anomalie \u00e0 son responsable hi\u00e9rarchique qui pourrait nuire \u00e0 la qualit\u00e9 de son travail<\/p><p>\u00b7 Est garant de la bonne tenue des outils de suivi mis \u00e0 sa disposition (tableau de relances, tableaux de suivi des d\u00e9lais, taux de transformation\u2026)<\/p><p>\u00b7 Veille \u00e0 ne jamais laisser l\u2019accueil sans personnel pendant les heures d\u2019ouverture<\/p><p><strong>T\u00e9l\u00e9travail :<\/strong><\/p><p>Ce poste n\u2019est pas t\u00e9l\u00e9travaillable en dehors d\u2019un contexte sanitaire critique. Le taux de t\u00e9l\u00e9travail d\u00e9pend de la criticit\u00e9 de la crise et peut aller de 0 \u00e0 100% sur d\u00e9cision de la direction.<\/p>\t\t\t\t\t\t\t\t<\/div>\n\t\t\t\t<\/div>\n\t\t\t\t\t<\/div>\n\t\t\t\t<\/div>\n\t\t\t\t<\/div>\n\t\t","protected":false},"excerpt":{"rendered":"<p>Lieu : Lesquin CRT FONCTION : Coordinateur planification et approvisionnement R\u00e9sum\u00e9 : Assure la gestion quotidienne de la planification de [&hellip;]<\/p>\n","protected":false},"author":1,"featured_media":0,"parent":4355,"menu_order":0,"comment_status":"closed","ping_status":"closed","template":"","meta":{"site-sidebar-layout":"default","site-content-layout":"","ast-site-content-layout":"default","site-content-style":"default","site-sidebar-style":"default","ast-global-header-display":"","ast-banner-title-visibility":"","ast-main-header-display":"","ast-hfb-above-header-display":"","ast-hfb-below-header-display":"","ast-hfb-mobile-header-display":"","site-post-title":"","ast-breadcrumbs-content":"","ast-featured-img":"","footer-sml-layout":"","theme-transparent-header-meta":"","adv-header-id-meta":"","stick-header-meta":"","header-above-stick-meta":"","header-main-stick-meta":"","header-below-stick-meta":"","astra-migrate-meta-layouts":"default","ast-page-background-enabled":"default","ast-page-background-meta":{"desktop":{"background-color":"var(--ast-global-color-5)","background-image":"","background-repeat":"repeat","background-position":"center center","background-size":"auto","background-attachment":"scroll","background-type":"","background-media":"","overlay-type":"","overlay-color":"","overlay-opacity":"","overlay-gradient":""},"tablet":{"background-color":"","background-image":"","background-repeat":"repeat","background-position":"center center","background-size":"auto","background-attachment":"scroll","background-type":"","background-media":"","overlay-type":"","overlay-color":"","overlay-opacity":"","overlay-gradient":""},"mobile":{"background-color":"","background-image":"","background-repeat":"repeat","background-position":"center center","background-size":"auto","background-attachment":"scroll","background-type":"","background-media":"","overlay-type":"","overlay-color":"","overlay-opacity":"","overlay-gradient":""}},"ast-content-background-meta":{"desktop":{"background-color":"var(--ast-global-color-4)","background-image":"","background-repeat":"repeat","background-position":"center center","background-size":"auto","background-attachment":"scroll","background-type":"","background-media":"","overlay-type":"","overlay-color":"","overlay-opacity":"","overlay-gradient":""},"tablet":{"background-color":"var(--ast-global-color-4)","background-image":"","background-repeat":"repeat","background-position":"center center","background-size":"auto","background-attachment":"scroll","background-type":"","background-media":"","overlay-type":"","overlay-color":"","overlay-opacity":"","overlay-gradient":""},"mobile":{"background-color":"var(--ast-global-color-4)","background-image":"","background-repeat":"repeat","background-position":"center center","background-size":"auto","background-attachment":"scroll","background-type":"","background-media":"","overlay-type":"","overlay-color":"","overlay-opacity":"","overlay-gradient":""}},"footnotes":""},"class_list":["post-4451","page","type-page","status-publish","hentry"],"yoast_head":"<!-- This site is optimized with the Yoast SEO plugin v27.3 - https:\/\/yoast.com\/product\/yoast-seo-wordpress\/ -->\n<title>Recrutement Coordinateur Planification et Approvisionnement - GTE Automotive<\/title>\n<meta name=\"robots\" content=\"index, follow, max-snippet:-1, max-image-preview:large, max-video-preview:-1\" \/>\n<link rel=\"canonical\" href=\"http:\/\/gtegroupe.com\/index.php\/on-recrute\/coordinateur-planification-et-approvisionnement\/\" \/>\n<meta property=\"og:locale\" content=\"fr_FR\" \/>\n<meta property=\"og:type\" content=\"article\" \/>\n<meta property=\"og:title\" content=\"Recrutement Coordinateur Planification et Approvisionnement - GTE Automotive\" \/>\n<meta property=\"og:description\" content=\"Lieu : Lesquin CRT FONCTION : Coordinateur planification et approvisionnement R\u00e9sum\u00e9 : Assure la gestion quotidienne de la planification de [&hellip;]\" \/>\n<meta property=\"og:url\" content=\"http:\/\/gtegroupe.com\/index.php\/on-recrute\/coordinateur-planification-et-approvisionnement\/\" \/>\n<meta property=\"og:site_name\" content=\"GTE Automotive\" \/>\n<meta property=\"article:modified_time\" content=\"2024-07-13T13:59:48+00:00\" \/>\n<meta property=\"og:image\" content=\"http:\/\/gtegroupe.com\/wp-content\/uploads\/2024\/07\/csm_werkstattkoordinator_24d0baa393.jpg\" \/>\n<meta name=\"twitter:card\" content=\"summary_large_image\" \/>\n<meta name=\"twitter:label1\" content=\"Dur\u00e9e de lecture estim\u00e9e\" \/>\n\t<meta name=\"twitter:data1\" content=\"2 minutes\" \/>\n<script type=\"application\/ld+json\" class=\"yoast-schema-graph\">{\"@context\":\"https:\\\/\\\/schema.org\",\"@graph\":[{\"@type\":\"WebPage\",\"@id\":\"http:\\\/\\\/gtegroupe.com\\\/index.php\\\/on-recrute\\\/coordinateur-planification-et-approvisionnement\\\/\",\"url\":\"http:\\\/\\\/gtegroupe.com\\\/index.php\\\/on-recrute\\\/coordinateur-planification-et-approvisionnement\\\/\",\"name\":\"Recrutement Coordinateur Planification et Approvisionnement - GTE Automotive\",\"isPartOf\":{\"@id\":\"http:\\\/\\\/gtegroupe.com\\\/#website\"},\"primaryImageOfPage\":{\"@id\":\"http:\\\/\\\/gtegroupe.com\\\/index.php\\\/on-recrute\\\/coordinateur-planification-et-approvisionnement\\\/#primaryimage\"},\"image\":{\"@id\":\"http:\\\/\\\/gtegroupe.com\\\/index.php\\\/on-recrute\\\/coordinateur-planification-et-approvisionnement\\\/#primaryimage\"},\"thumbnailUrl\":\"http:\\\/\\\/gtegroupe.com\\\/wp-content\\\/uploads\\\/2024\\\/07\\\/csm_werkstattkoordinator_24d0baa393.jpg\",\"datePublished\":\"2024-07-13T13:34:58+00:00\",\"dateModified\":\"2024-07-13T13:59:48+00:00\",\"breadcrumb\":{\"@id\":\"http:\\\/\\\/gtegroupe.com\\\/index.php\\\/on-recrute\\\/coordinateur-planification-et-approvisionnement\\\/#breadcrumb\"},\"inLanguage\":\"fr-FR\",\"potentialAction\":[{\"@type\":\"ReadAction\",\"target\":[\"http:\\\/\\\/gtegroupe.com\\\/index.php\\\/on-recrute\\\/coordinateur-planification-et-approvisionnement\\\/\"]}]},{\"@type\":\"ImageObject\",\"inLanguage\":\"fr-FR\",\"@id\":\"http:\\\/\\\/gtegroupe.com\\\/index.php\\\/on-recrute\\\/coordinateur-planification-et-approvisionnement\\\/#primaryimage\",\"url\":\"http:\\\/\\\/gtegroupe.com\\\/wp-content\\\/uploads\\\/2024\\\/07\\\/csm_werkstattkoordinator_24d0baa393.jpg\",\"contentUrl\":\"http:\\\/\\\/gtegroupe.com\\\/wp-content\\\/uploads\\\/2024\\\/07\\\/csm_werkstattkoordinator_24d0baa393.jpg\",\"width\":1300,\"height\":731,\"caption\":\"coordinateur production\"},{\"@type\":\"BreadcrumbList\",\"@id\":\"http:\\\/\\\/gtegroupe.com\\\/index.php\\\/on-recrute\\\/coordinateur-planification-et-approvisionnement\\\/#breadcrumb\",\"itemListElement\":[{\"@type\":\"ListItem\",\"position\":1,\"name\":\"Accueil\",\"item\":\"http:\\\/\\\/gtegroupe.com\\\/\"},{\"@type\":\"ListItem\",\"position\":2,\"name\":\"On recrute !\",\"item\":\"http:\\\/\\\/gtegroupe.com\\\/index.php\\\/on-recrute\\\/\"},{\"@type\":\"ListItem\",\"position\":3,\"name\":\"Recrutement Coordinateur Planification et Approvisionnement\"}]},{\"@type\":\"WebSite\",\"@id\":\"http:\\\/\\\/gtegroupe.com\\\/#website\",\"url\":\"http:\\\/\\\/gtegroupe.com\\\/\",\"name\":\"Site GTE Automotive\",\"description\":\"Vous transporter vers l&#039;avenir\",\"publisher\":{\"@id\":\"http:\\\/\\\/gtegroupe.com\\\/#organization\"},\"potentialAction\":[{\"@type\":\"SearchAction\",\"target\":{\"@type\":\"EntryPoint\",\"urlTemplate\":\"http:\\\/\\\/gtegroupe.com\\\/?s={search_term_string}\"},\"query-input\":{\"@type\":\"PropertyValueSpecification\",\"valueRequired\":true,\"valueName\":\"search_term_string\"}}],\"inLanguage\":\"fr-FR\"},{\"@type\":\"Organization\",\"@id\":\"http:\\\/\\\/gtegroupe.com\\\/#organization\",\"name\":\"GTE-Automotive\",\"url\":\"http:\\\/\\\/gtegroupe.com\\\/\",\"logo\":{\"@type\":\"ImageObject\",\"inLanguage\":\"fr-FR\",\"@id\":\"http:\\\/\\\/gtegroupe.com\\\/#\\\/schema\\\/logo\\\/image\\\/\",\"url\":\"http:\\\/\\\/gtegroupe.com\\\/wp-content\\\/uploads\\\/2024\\\/07\\\/gte-automotive-blc.png\",\"contentUrl\":\"http:\\\/\\\/gtegroupe.com\\\/wp-content\\\/uploads\\\/2024\\\/07\\\/gte-automotive-blc.png\",\"width\":1861,\"height\":1142,\"caption\":\"GTE-Automotive\"},\"image\":{\"@id\":\"http:\\\/\\\/gtegroupe.com\\\/#\\\/schema\\\/logo\\\/image\\\/\"}}]}<\/script>\n<!-- \/ Yoast SEO plugin. -->","yoast_head_json":{"title":"Recrutement Coordinateur Planification et Approvisionnement - GTE Automotive","robots":{"index":"index","follow":"follow","max-snippet":"max-snippet:-1","max-image-preview":"max-image-preview:large","max-video-preview":"max-video-preview:-1"},"canonical":"http:\/\/gtegroupe.com\/index.php\/on-recrute\/coordinateur-planification-et-approvisionnement\/","og_locale":"fr_FR","og_type":"article","og_title":"Recrutement Coordinateur Planification et Approvisionnement - GTE Automotive","og_description":"Lieu : Lesquin CRT FONCTION : Coordinateur planification et approvisionnement R\u00e9sum\u00e9 : Assure la gestion quotidienne de la planification de [&hellip;]","og_url":"http:\/\/gtegroupe.com\/index.php\/on-recrute\/coordinateur-planification-et-approvisionnement\/","og_site_name":"GTE Automotive","article_modified_time":"2024-07-13T13:59:48+00:00","og_image":[{"url":"http:\/\/gtegroupe.com\/wp-content\/uploads\/2024\/07\/csm_werkstattkoordinator_24d0baa393.jpg","type":"","width":"","height":""}],"twitter_card":"summary_large_image","twitter_misc":{"Dur\u00e9e de lecture estim\u00e9e":"2 minutes"},"schema":{"@context":"https:\/\/schema.org","@graph":[{"@type":"WebPage","@id":"http:\/\/gtegroupe.com\/index.php\/on-recrute\/coordinateur-planification-et-approvisionnement\/","url":"http:\/\/gtegroupe.com\/index.php\/on-recrute\/coordinateur-planification-et-approvisionnement\/","name":"Recrutement Coordinateur Planification et Approvisionnement - GTE Automotive","isPartOf":{"@id":"http:\/\/gtegroupe.com\/#website"},"primaryImageOfPage":{"@id":"http:\/\/gtegroupe.com\/index.php\/on-recrute\/coordinateur-planification-et-approvisionnement\/#primaryimage"},"image":{"@id":"http:\/\/gtegroupe.com\/index.php\/on-recrute\/coordinateur-planification-et-approvisionnement\/#primaryimage"},"thumbnailUrl":"http:\/\/gtegroupe.com\/wp-content\/uploads\/2024\/07\/csm_werkstattkoordinator_24d0baa393.jpg","datePublished":"2024-07-13T13:34:58+00:00","dateModified":"2024-07-13T13:59:48+00:00","breadcrumb":{"@id":"http:\/\/gtegroupe.com\/index.php\/on-recrute\/coordinateur-planification-et-approvisionnement\/#breadcrumb"},"inLanguage":"fr-FR","potentialAction":[{"@type":"ReadAction","target":["http:\/\/gtegroupe.com\/index.php\/on-recrute\/coordinateur-planification-et-approvisionnement\/"]}]},{"@type":"ImageObject","inLanguage":"fr-FR","@id":"http:\/\/gtegroupe.com\/index.php\/on-recrute\/coordinateur-planification-et-approvisionnement\/#primaryimage","url":"http:\/\/gtegroupe.com\/wp-content\/uploads\/2024\/07\/csm_werkstattkoordinator_24d0baa393.jpg","contentUrl":"http:\/\/gtegroupe.com\/wp-content\/uploads\/2024\/07\/csm_werkstattkoordinator_24d0baa393.jpg","width":1300,"height":731,"caption":"coordinateur production"},{"@type":"BreadcrumbList","@id":"http:\/\/gtegroupe.com\/index.php\/on-recrute\/coordinateur-planification-et-approvisionnement\/#breadcrumb","itemListElement":[{"@type":"ListItem","position":1,"name":"Accueil","item":"http:\/\/gtegroupe.com\/"},{"@type":"ListItem","position":2,"name":"On recrute !","item":"http:\/\/gtegroupe.com\/index.php\/on-recrute\/"},{"@type":"ListItem","position":3,"name":"Recrutement Coordinateur Planification et Approvisionnement"}]},{"@type":"WebSite","@id":"http:\/\/gtegroupe.com\/#website","url":"http:\/\/gtegroupe.com\/","name":"Site GTE Automotive","description":"Vous transporter vers l&#039;avenir","publisher":{"@id":"http:\/\/gtegroupe.com\/#organization"},"potentialAction":[{"@type":"SearchAction","target":{"@type":"EntryPoint","urlTemplate":"http:\/\/gtegroupe.com\/?s={search_term_string}"},"query-input":{"@type":"PropertyValueSpecification","valueRequired":true,"valueName":"search_term_string"}}],"inLanguage":"fr-FR"},{"@type":"Organization","@id":"http:\/\/gtegroupe.com\/#organization","name":"GTE-Automotive","url":"http:\/\/gtegroupe.com\/","logo":{"@type":"ImageObject","inLanguage":"fr-FR","@id":"http:\/\/gtegroupe.com\/#\/schema\/logo\/image\/","url":"http:\/\/gtegroupe.com\/wp-content\/uploads\/2024\/07\/gte-automotive-blc.png","contentUrl":"http:\/\/gtegroupe.com\/wp-content\/uploads\/2024\/07\/gte-automotive-blc.png","width":1861,"height":1142,"caption":"GTE-Automotive"},"image":{"@id":"http:\/\/gtegroupe.com\/#\/schema\/logo\/image\/"}}]}},"_links":{"self":[{"href":"http:\/\/gtegroupe.com\/index.php\/wp-json\/wp\/v2\/pages\/4451","targetHints":{"allow":["GET"]}}],"collection":[{"href":"http:\/\/gtegroupe.com\/index.php\/wp-json\/wp\/v2\/pages"}],"about":[{"href":"http:\/\/gtegroupe.com\/index.php\/wp-json\/wp\/v2\/types\/page"}],"author":[{"embeddable":true,"href":"http:\/\/gtegroupe.com\/index.php\/wp-json\/wp\/v2\/users\/1"}],"replies":[{"embeddable":true,"href":"http:\/\/gtegroupe.com\/index.php\/wp-json\/wp\/v2\/comments?post=4451"}],"version-history":[{"count":11,"href":"http:\/\/gtegroupe.com\/index.php\/wp-json\/wp\/v2\/pages\/4451\/revisions"}],"predecessor-version":[{"id":4477,"href":"http:\/\/gtegroupe.com\/index.php\/wp-json\/wp\/v2\/pages\/4451\/revisions\/4477"}],"up":[{"embeddable":true,"href":"http:\/\/gtegroupe.com\/index.php\/wp-json\/wp\/v2\/pages\/4355"}],"wp:attachment":[{"href":"http:\/\/gtegroupe.com\/index.php\/wp-json\/wp\/v2\/media?parent=4451"}],"curies":[{"name":"wp","href":"https:\/\/api.w.org\/{rel}","templated":true}]}}