{"id":4375,"date":"2024-06-17T10:56:11","date_gmt":"2024-06-17T08:56:11","guid":{"rendered":"https:\/\/gtegroupe.com\/?page_id=4375"},"modified":"2024-06-17T11:01:57","modified_gmt":"2024-06-17T09:01:57","slug":"chef-de-projet-logistique","status":"publish","type":"page","link":"http:\/\/gtegroupe.com\/index.php\/on-recrute\/chef-de-projet-logistique\/","title":{"rendered":"Recrutement Chef de Projet Logistique"},"content":{"rendered":"\t\t<div data-elementor-type=\"wp-page\" data-elementor-id=\"4375\" class=\"elementor elementor-4375\">\n\t\t\t\t<div class=\"elementor-element elementor-element-4f5bb74 e-flex e-con-boxed e-con e-parent\" data-id=\"4f5bb74\" data-element_type=\"container\" data-e-type=\"container\">\n\t\t\t\t\t<div class=\"e-con-inner\">\n\t\t\t\t<div class=\"elementor-element elementor-element-ab3507a elementor-widget elementor-widget-heading\" data-id=\"ab3507a\" data-element_type=\"widget\" data-e-type=\"widget\" data-widget_type=\"heading.default\">\n\t\t\t\t<div class=\"elementor-widget-container\">\n\t\t\t\t\t<h2 class=\"elementor-heading-title elementor-size-default\">FINALITE DE L\u2019EMPLOI :<\/h2>\t\t\t\t<\/div>\n\t\t\t\t<\/div>\n\t\t\t\t\t<\/div>\n\t\t\t\t<\/div>\n\t\t<div class=\"elementor-element elementor-element-3f7c3c4 e-flex e-con-boxed e-con e-parent\" data-id=\"3f7c3c4\" data-element_type=\"container\" data-e-type=\"container\">\n\t\t\t\t\t<div class=\"e-con-inner\">\n\t\t\t\t<div class=\"elementor-element elementor-element-21f1abb elementor-widget elementor-widget-text-editor\" data-id=\"21f1abb\" data-element_type=\"widget\" data-e-type=\"widget\" data-widget_type=\"text-editor.default\">\n\t\t\t\t<div class=\"elementor-widget-container\">\n\t\t\t\t\t\t\t\t\t<p>Il assure l\u2019\u00e9tude, le suivi, et la mise en place des projets logistique en collaborant avec les clients, les fournisseurs et les diff\u00e9rents services et sites du groupe GTE.<\/p>\t\t\t\t\t\t\t\t<\/div>\n\t\t\t\t<\/div>\n\t\t\t\t\t<\/div>\n\t\t\t\t<\/div>\n\t\t<div class=\"elementor-element elementor-element-8518c63 e-flex e-con-boxed e-con e-parent\" data-id=\"8518c63\" data-element_type=\"container\" data-e-type=\"container\">\n\t\t\t\t\t<div class=\"e-con-inner\">\n\t\t\t\t<div class=\"elementor-element elementor-element-8a18882 elementor-widget elementor-widget-heading\" data-id=\"8a18882\" data-element_type=\"widget\" data-e-type=\"widget\" data-widget_type=\"heading.default\">\n\t\t\t\t<div class=\"elementor-widget-container\">\n\t\t\t\t\t<h2 class=\"elementor-heading-title elementor-size-default\">ACTIVITES SIGNIFICATIVES :<\/h2>\t\t\t\t<\/div>\n\t\t\t\t<\/div>\n\t\t\t\t\t<\/div>\n\t\t\t\t<\/div>\n\t\t<div class=\"elementor-element elementor-element-75ecd0e e-flex e-con-boxed e-con e-parent\" data-id=\"75ecd0e\" data-element_type=\"container\" data-e-type=\"container\">\n\t\t\t\t\t<div class=\"e-con-inner\">\n\t\t\t\t<div class=\"elementor-element elementor-element-0b10279 elementor-widget elementor-widget-text-editor\" data-id=\"0b10279\" data-element_type=\"widget\" data-e-type=\"widget\" data-widget_type=\"text-editor.default\">\n\t\t\t\t<div class=\"elementor-widget-container\">\n\t\t\t\t\t\t\t\t\t<p>En partir des directives du sup\u00e9rieur hi\u00e9rarchique, des cahiers des charges, des donn\u00e9es fournisseurs et des donn\u00e9es techniques interne il :<\/p><p>&#8211; Assurer le bon d\u00e9marrage du projet au plan logistique.<\/p><p>&#8211; Etabli et formalise le planning et les besoins logistiques des projets.<\/p><p>&#8211; Collabore et coordonne les projets avec les diff\u00e9rents services de la soci\u00e9t\u00e9, les clients et les fournisseurs.<\/p><p>&#8211; Il centralise les informations et propose les actions permettant l\u2019optimisation des besoins, des flux et de l\u2019implantation de la zone logistique<\/p><p>&#8211; S\u2019assurer du bon approvisionnement du mat\u00e9riel et du respect des pr\u00e9requis en phase projet<\/p><p>&#8211; Il organise, si besoin, les r\u00e9unions permettant le bon pilotage des projets<\/p><p>&#8211; Il communique l\u2019\u00e9tat d\u2019avancement des projets a son sup\u00e9rieur hi\u00e9rarchique et au chef de projet technique<\/p><p>&#8211; Il propose les am\u00e9liorations, afin d\u2019optimiser la chaine logistique (physique et d\u2019information)<\/p><p>Veille \u00e0 l\u2019hygi\u00e8ne et \u00e0 la s\u00e9curit\u00e9 de son poste de travail en ma\u00eetrisant le milieu par une connaissance des consignes de s\u00e9curit\u00e9 et une connaissance des r\u00e8gles de protection (port des EPI). S\u2019assure de la propret\u00e9 de son outil de travail et range sa zone de travail conform\u00e9ment aux standards de l\u2019entreprise (5S, environnement\u2026) .La d\u00e9finition de fonction qui vous est attribu\u00e9e vous permet de faire le point sur votre fonction principale ainsi que les t\u00e2ches qui peuvent vous \u00eatre confi\u00e9es. Toutefois, ces t\u00e2ches ne sont pas limitatives et la liste des activit\u00e9s significatives n\u2019est pas exhaustive.<\/p>\t\t\t\t\t\t\t\t<\/div>\n\t\t\t\t<\/div>\n\t\t\t\t<div class=\"elementor-element elementor-element-e3aae71 elementor-widget elementor-widget-heading\" data-id=\"e3aae71\" data-element_type=\"widget\" data-e-type=\"widget\" data-widget_type=\"heading.default\">\n\t\t\t\t<div class=\"elementor-widget-container\">\n\t\t\t\t\t<h2 class=\"elementor-heading-title elementor-size-default\">RESPONSABILITE ET LATITUDE D\u2019ACTION<\/h2>\t\t\t\t<\/div>\n\t\t\t\t<\/div>\n\t\t\t\t<div class=\"elementor-element elementor-element-934744e elementor-widget elementor-widget-text-editor\" data-id=\"934744e\" data-element_type=\"widget\" data-e-type=\"widget\" data-widget_type=\"text-editor.default\">\n\t\t\t\t<div class=\"elementor-widget-container\">\n\t\t\t\t\t\t\t\t\t<p>R\u00e9alise de fa\u00e7on autonome les t\u00e2ches quotidiennes mais alerte sa hi\u00e9rarchie de toutes situations anormales rencontr\u00e9es (probl\u00e9matiques, choix d\u2019am\u00e9liorations\u2026) impactant le d\u00e9roulement de leur op\u00e9ration<\/p><p>Respecte les modes op\u00e9ratoires du poste de travail<\/p>\t\t\t\t\t\t\t\t<\/div>\n\t\t\t\t<\/div>\n\t\t\t\t<div class=\"elementor-element elementor-element-7883eb5 elementor-widget elementor-widget-heading\" data-id=\"7883eb5\" data-element_type=\"widget\" data-e-type=\"widget\" data-widget_type=\"heading.default\">\n\t\t\t\t<div class=\"elementor-widget-container\">\n\t\t\t\t\t<h2 class=\"elementor-heading-title elementor-size-default\">CONNAISSANCES PROFESSIONNELLES \/ SAVOIR ETRE<\/h2>\t\t\t\t<\/div>\n\t\t\t\t<\/div>\n\t\t\t\t<div class=\"elementor-element elementor-element-604f22d elementor-widget elementor-widget-text-editor\" data-id=\"604f22d\" data-element_type=\"widget\" data-e-type=\"widget\" data-widget_type=\"text-editor.default\">\n\t\t\t\t<div class=\"elementor-widget-container\">\n\t\t\t\t\t\t\t\t\t<p>Connaissances professionnelles :<\/p><ul><li>Conduite de projet<\/li><li>Connaissance de l\u2019outil informatique<\/li><li>Connaissance des outils logistique et Lean<\/li><\/ul><p>Savoir \u00eatre :<\/p><ul><li>\u00a0Savoir travailler en \u00e9quipe (organisation des t\u00e2ches, entraide etc\u2026)<\/li><li>\u00catre rigoureux et s\u00e9rieux<\/li><li>Avoir conscience des cons\u00e9quences de ses comportements sur le travail collectif<\/li><li>S\u2019assurer de la propret\u00e9 au quotidien de son poste de travail<\/li><li>Savoir adapter son discours<\/li><\/ul>\t\t\t\t\t\t\t\t<\/div>\n\t\t\t\t<\/div>\n\t\t\t\t\t<\/div>\n\t\t\t\t<\/div>\n\t\t\t\t<\/div>\n\t\t","protected":false},"excerpt":{"rendered":"<p>FINALITE DE L\u2019EMPLOI : Il assure l\u2019\u00e9tude, le suivi, et la mise en place des projets logistique en collaborant avec [&hellip;]<\/p>\n","protected":false},"author":1,"featured_media":0,"parent":4355,"menu_order":0,"comment_status":"closed","ping_status":"closed","template":"","meta":{"site-sidebar-layout":"default","site-content-layout":"","ast-site-content-layout":"default","site-content-style":"default","site-sidebar-style":"default","ast-global-header-display":"","ast-banner-title-visibility":"","ast-main-header-display":"","ast-hfb-above-header-display":"","ast-hfb-below-header-display":"","ast-hfb-mobile-header-display":"","site-post-title":"","ast-breadcrumbs-content":"","ast-featured-img":"","footer-sml-layout":"","theme-transparent-header-meta":"","adv-header-id-meta":"","stick-header-meta":"","header-above-stick-meta":"","header-main-stick-meta":"","header-below-stick-meta":"","astra-migrate-meta-layouts":"default","ast-page-background-enabled":"default","ast-page-background-meta":{"desktop":{"background-color":"var(--ast-global-color-5)","background-image":"","background-repeat":"repeat","background-position":"center center","background-size":"auto","background-attachment":"scroll","background-type":"","background-media":"","overlay-type":"","overlay-color":"","overlay-opacity":"","overlay-gradient":""},"tablet":{"background-color":"","background-image":"","background-repeat":"repeat","background-position":"center center","background-size":"auto","background-attachment":"scroll","background-type":"","background-media":"","overlay-type":"","overlay-color":"","overlay-opacity":"","overlay-gradient":""},"mobile":{"background-color":"","background-image":"","background-repeat":"repeat","background-position":"center center","background-size":"auto","background-attachment":"scroll","background-type":"","background-media":"","overlay-type":"","overlay-color":"","overlay-opacity":"","overlay-gradient":""}},"ast-content-background-meta":{"desktop":{"background-color":"var(--ast-global-color-4)","background-image":"","background-repeat":"repeat","background-position":"center center","background-size":"auto","background-attachment":"scroll","background-type":"","background-media":"","overlay-type":"","overlay-color":"","overlay-opacity":"","overlay-gradient":""},"tablet":{"background-color":"var(--ast-global-color-4)","background-image":"","background-repeat":"repeat","background-position":"center center","background-size":"auto","background-attachment":"scroll","background-type":"","background-media":"","overlay-type":"","overlay-color":"","overlay-opacity":"","overlay-gradient":""},"mobile":{"background-color":"var(--ast-global-color-4)","background-image":"","background-repeat":"repeat","background-position":"center center","background-size":"auto","background-attachment":"scroll","background-type":"","background-media":"","overlay-type":"","overlay-color":"","overlay-opacity":"","overlay-gradient":""}},"footnotes":""},"class_list":["post-4375","page","type-page","status-publish","hentry"],"yoast_head":"<!-- This site is optimized with the Yoast SEO plugin v27.3 - https:\/\/yoast.com\/product\/yoast-seo-wordpress\/ -->\n<title>Recrutement Chef de Projet Logistique - GTE Automotive<\/title>\n<meta name=\"robots\" content=\"index, follow, max-snippet:-1, max-image-preview:large, max-video-preview:-1\" \/>\n<link rel=\"canonical\" href=\"http:\/\/gtegroupe.com\/index.php\/on-recrute\/chef-de-projet-logistique\/\" \/>\n<meta property=\"og:locale\" content=\"fr_FR\" \/>\n<meta property=\"og:type\" content=\"article\" \/>\n<meta property=\"og:title\" content=\"Recrutement Chef de Projet Logistique - GTE Automotive\" \/>\n<meta property=\"og:description\" content=\"FINALITE DE L\u2019EMPLOI : Il assure l\u2019\u00e9tude, le suivi, et la mise en place des projets logistique en collaborant avec [&hellip;]\" \/>\n<meta property=\"og:url\" content=\"http:\/\/gtegroupe.com\/index.php\/on-recrute\/chef-de-projet-logistique\/\" \/>\n<meta property=\"og:site_name\" content=\"GTE Automotive\" \/>\n<meta property=\"article:modified_time\" content=\"2024-06-17T09:01:57+00:00\" \/>\n<meta name=\"twitter:card\" content=\"summary_large_image\" \/>\n<meta name=\"twitter:label1\" content=\"Dur\u00e9e de lecture estim\u00e9e\" \/>\n\t<meta name=\"twitter:data1\" content=\"2 minutes\" \/>\n<script type=\"application\/ld+json\" class=\"yoast-schema-graph\">{\"@context\":\"https:\\\/\\\/schema.org\",\"@graph\":[{\"@type\":\"WebPage\",\"@id\":\"http:\\\/\\\/gtegroupe.com\\\/index.php\\\/on-recrute\\\/chef-de-projet-logistique\\\/\",\"url\":\"http:\\\/\\\/gtegroupe.com\\\/index.php\\\/on-recrute\\\/chef-de-projet-logistique\\\/\",\"name\":\"Recrutement Chef de Projet Logistique - GTE Automotive\",\"isPartOf\":{\"@id\":\"http:\\\/\\\/gtegroupe.com\\\/#website\"},\"datePublished\":\"2024-06-17T08:56:11+00:00\",\"dateModified\":\"2024-06-17T09:01:57+00:00\",\"breadcrumb\":{\"@id\":\"http:\\\/\\\/gtegroupe.com\\\/index.php\\\/on-recrute\\\/chef-de-projet-logistique\\\/#breadcrumb\"},\"inLanguage\":\"fr-FR\",\"potentialAction\":[{\"@type\":\"ReadAction\",\"target\":[\"http:\\\/\\\/gtegroupe.com\\\/index.php\\\/on-recrute\\\/chef-de-projet-logistique\\\/\"]}]},{\"@type\":\"BreadcrumbList\",\"@id\":\"http:\\\/\\\/gtegroupe.com\\\/index.php\\\/on-recrute\\\/chef-de-projet-logistique\\\/#breadcrumb\",\"itemListElement\":[{\"@type\":\"ListItem\",\"position\":1,\"name\":\"Accueil\",\"item\":\"http:\\\/\\\/gtegroupe.com\\\/\"},{\"@type\":\"ListItem\",\"position\":2,\"name\":\"On recrute !\",\"item\":\"http:\\\/\\\/gtegroupe.com\\\/index.php\\\/on-recrute\\\/\"},{\"@type\":\"ListItem\",\"position\":3,\"name\":\"Recrutement Chef de Projet Logistique\"}]},{\"@type\":\"WebSite\",\"@id\":\"http:\\\/\\\/gtegroupe.com\\\/#website\",\"url\":\"http:\\\/\\\/gtegroupe.com\\\/\",\"name\":\"Site GTE Automotive\",\"description\":\"Vous transporter vers l&#039;avenir\",\"publisher\":{\"@id\":\"http:\\\/\\\/gtegroupe.com\\\/#organization\"},\"potentialAction\":[{\"@type\":\"SearchAction\",\"target\":{\"@type\":\"EntryPoint\",\"urlTemplate\":\"http:\\\/\\\/gtegroupe.com\\\/?s={search_term_string}\"},\"query-input\":{\"@type\":\"PropertyValueSpecification\",\"valueRequired\":true,\"valueName\":\"search_term_string\"}}],\"inLanguage\":\"fr-FR\"},{\"@type\":\"Organization\",\"@id\":\"http:\\\/\\\/gtegroupe.com\\\/#organization\",\"name\":\"GTE-Automotive\",\"url\":\"http:\\\/\\\/gtegroupe.com\\\/\",\"logo\":{\"@type\":\"ImageObject\",\"inLanguage\":\"fr-FR\",\"@id\":\"http:\\\/\\\/gtegroupe.com\\\/#\\\/schema\\\/logo\\\/image\\\/\",\"url\":\"http:\\\/\\\/gtegroupe.com\\\/wp-content\\\/uploads\\\/2024\\\/07\\\/gte-automotive-blc.png\",\"contentUrl\":\"http:\\\/\\\/gtegroupe.com\\\/wp-content\\\/uploads\\\/2024\\\/07\\\/gte-automotive-blc.png\",\"width\":1861,\"height\":1142,\"caption\":\"GTE-Automotive\"},\"image\":{\"@id\":\"http:\\\/\\\/gtegroupe.com\\\/#\\\/schema\\\/logo\\\/image\\\/\"}}]}<\/script>\n<!-- \/ Yoast SEO plugin. -->","yoast_head_json":{"title":"Recrutement Chef de Projet Logistique - GTE Automotive","robots":{"index":"index","follow":"follow","max-snippet":"max-snippet:-1","max-image-preview":"max-image-preview:large","max-video-preview":"max-video-preview:-1"},"canonical":"http:\/\/gtegroupe.com\/index.php\/on-recrute\/chef-de-projet-logistique\/","og_locale":"fr_FR","og_type":"article","og_title":"Recrutement Chef de Projet Logistique - GTE Automotive","og_description":"FINALITE DE L\u2019EMPLOI : Il assure l\u2019\u00e9tude, le suivi, et la mise en place des projets logistique en collaborant avec [&hellip;]","og_url":"http:\/\/gtegroupe.com\/index.php\/on-recrute\/chef-de-projet-logistique\/","og_site_name":"GTE Automotive","article_modified_time":"2024-06-17T09:01:57+00:00","twitter_card":"summary_large_image","twitter_misc":{"Dur\u00e9e de lecture estim\u00e9e":"2 minutes"},"schema":{"@context":"https:\/\/schema.org","@graph":[{"@type":"WebPage","@id":"http:\/\/gtegroupe.com\/index.php\/on-recrute\/chef-de-projet-logistique\/","url":"http:\/\/gtegroupe.com\/index.php\/on-recrute\/chef-de-projet-logistique\/","name":"Recrutement Chef de Projet Logistique - GTE Automotive","isPartOf":{"@id":"http:\/\/gtegroupe.com\/#website"},"datePublished":"2024-06-17T08:56:11+00:00","dateModified":"2024-06-17T09:01:57+00:00","breadcrumb":{"@id":"http:\/\/gtegroupe.com\/index.php\/on-recrute\/chef-de-projet-logistique\/#breadcrumb"},"inLanguage":"fr-FR","potentialAction":[{"@type":"ReadAction","target":["http:\/\/gtegroupe.com\/index.php\/on-recrute\/chef-de-projet-logistique\/"]}]},{"@type":"BreadcrumbList","@id":"http:\/\/gtegroupe.com\/index.php\/on-recrute\/chef-de-projet-logistique\/#breadcrumb","itemListElement":[{"@type":"ListItem","position":1,"name":"Accueil","item":"http:\/\/gtegroupe.com\/"},{"@type":"ListItem","position":2,"name":"On recrute !","item":"http:\/\/gtegroupe.com\/index.php\/on-recrute\/"},{"@type":"ListItem","position":3,"name":"Recrutement Chef de Projet Logistique"}]},{"@type":"WebSite","@id":"http:\/\/gtegroupe.com\/#website","url":"http:\/\/gtegroupe.com\/","name":"Site GTE Automotive","description":"Vous transporter vers l&#039;avenir","publisher":{"@id":"http:\/\/gtegroupe.com\/#organization"},"potentialAction":[{"@type":"SearchAction","target":{"@type":"EntryPoint","urlTemplate":"http:\/\/gtegroupe.com\/?s={search_term_string}"},"query-input":{"@type":"PropertyValueSpecification","valueRequired":true,"valueName":"search_term_string"}}],"inLanguage":"fr-FR"},{"@type":"Organization","@id":"http:\/\/gtegroupe.com\/#organization","name":"GTE-Automotive","url":"http:\/\/gtegroupe.com\/","logo":{"@type":"ImageObject","inLanguage":"fr-FR","@id":"http:\/\/gtegroupe.com\/#\/schema\/logo\/image\/","url":"http:\/\/gtegroupe.com\/wp-content\/uploads\/2024\/07\/gte-automotive-blc.png","contentUrl":"http:\/\/gtegroupe.com\/wp-content\/uploads\/2024\/07\/gte-automotive-blc.png","width":1861,"height":1142,"caption":"GTE-Automotive"},"image":{"@id":"http:\/\/gtegroupe.com\/#\/schema\/logo\/image\/"}}]}},"_links":{"self":[{"href":"http:\/\/gtegroupe.com\/index.php\/wp-json\/wp\/v2\/pages\/4375","targetHints":{"allow":["GET"]}}],"collection":[{"href":"http:\/\/gtegroupe.com\/index.php\/wp-json\/wp\/v2\/pages"}],"about":[{"href":"http:\/\/gtegroupe.com\/index.php\/wp-json\/wp\/v2\/types\/page"}],"author":[{"embeddable":true,"href":"http:\/\/gtegroupe.com\/index.php\/wp-json\/wp\/v2\/users\/1"}],"replies":[{"embeddable":true,"href":"http:\/\/gtegroupe.com\/index.php\/wp-json\/wp\/v2\/comments?post=4375"}],"version-history":[{"count":5,"href":"http:\/\/gtegroupe.com\/index.php\/wp-json\/wp\/v2\/pages\/4375\/revisions"}],"predecessor-version":[{"id":4381,"href":"http:\/\/gtegroupe.com\/index.php\/wp-json\/wp\/v2\/pages\/4375\/revisions\/4381"}],"up":[{"embeddable":true,"href":"http:\/\/gtegroupe.com\/index.php\/wp-json\/wp\/v2\/pages\/4355"}],"wp:attachment":[{"href":"http:\/\/gtegroupe.com\/index.php\/wp-json\/wp\/v2\/media?parent=4375"}],"curies":[{"name":"wp","href":"https:\/\/api.w.org\/{rel}","templated":true}]}}