{"id":4355,"date":"2024-06-13T15:37:00","date_gmt":"2024-06-13T13:37:00","guid":{"rendered":"https:\/\/gtegroupe.com\/?page_id=4355"},"modified":"2024-07-13T15:54:33","modified_gmt":"2024-07-13T13:54:33","slug":"on-recrute","status":"publish","type":"page","link":"http:\/\/gtegroupe.com\/index.php\/on-recrute\/","title":{"rendered":"On recrute !"},"content":{"rendered":"\t\t<div data-elementor-type=\"wp-page\" data-elementor-id=\"4355\" class=\"elementor elementor-4355\">\n\t\t\t\t<div class=\"elementor-element elementor-element-0a5ac64 e-flex e-con-boxed e-con e-parent\" data-id=\"0a5ac64\" data-element_type=\"container\" data-e-type=\"container\">\n\t\t\t\t\t<div class=\"e-con-inner\">\n\t\t<div class=\"elementor-element elementor-element-27e1055 e-con-full e-flex e-con e-child\" data-id=\"27e1055\" data-element_type=\"container\" data-e-type=\"container\">\n\t\t\t\t<div class=\"elementor-element elementor-element-9d66aa3 elementor-widget elementor-widget-image\" data-id=\"9d66aa3\" data-element_type=\"widget\" data-e-type=\"widget\" data-widget_type=\"image.default\">\n\t\t\t\t<div class=\"elementor-widget-container\">\n\t\t\t\t\t\t\t\t\t\t\t\t\t\t\t<img fetchpriority=\"high\" decoding=\"async\" width=\"1024\" height=\"683\" src=\"http:\/\/gtegroupe.com\/wp-content\/uploads\/2024\/03\/computer-1867758_1920.jpg\" class=\"attachment-large size-large wp-image-119\" alt=\"Espace Membre\" \/>\t\t\t\t\t\t\t\t\t\t\t\t\t\t\t<\/div>\n\t\t\t\t<\/div>\n\t\t\t\t<\/div>\n\t\t<div class=\"elementor-element elementor-element-ab3f3b0 e-con-full e-flex e-con e-child\" data-id=\"ab3f3b0\" data-element_type=\"container\" data-e-type=\"container\">\n\t\t<div class=\"elementor-element elementor-element-9ca19a2 e-flex e-con-boxed e-con e-child\" data-id=\"9ca19a2\" data-element_type=\"container\" data-e-type=\"container\">\n\t\t\t\t\t<div class=\"e-con-inner\">\n\t\t\t\t<div class=\"elementor-element elementor-element-044906b elementor-widget elementor-widget-heading\" data-id=\"044906b\" data-element_type=\"widget\" data-e-type=\"widget\" data-widget_type=\"heading.default\">\n\t\t\t\t<div class=\"elementor-widget-container\">\n\t\t\t\t\t<h2 class=\"elementor-heading-title elementor-size-default\">Contactez-nous d\u00e8s aujourd'hui<\/h2>\t\t\t\t<\/div>\n\t\t\t\t<\/div>\n\t\t\t\t\t<\/div>\n\t\t\t\t<\/div>\n\t\t<div class=\"elementor-element elementor-element-3cf0341 e-flex e-con-boxed e-con e-child\" data-id=\"3cf0341\" data-element_type=\"container\" data-e-type=\"container\">\n\t\t\t\t\t<div class=\"e-con-inner\">\n\t\t\t\t<div class=\"elementor-element elementor-element-26436ea elementor-widget elementor-widget-text-editor\" data-id=\"26436ea\" data-element_type=\"widget\" data-e-type=\"widget\" data-widget_type=\"text-editor.default\">\n\t\t\t\t<div class=\"elementor-widget-container\">\n\t\t\t\t\t\t\t\t\t<p class=\"intro-paragraph\">Nous encourageons l\u2019innovation, l\u2019esprit d\u2019\u00e9quipe, l\u2019int\u00e9grit\u00e9 et la loyaut\u00e9.\u00a0<\/p><p>Devenir membre du projet GTE Automotive, cela veut dire ouvrir la porte \u00e0 des occasions innombrables et uniques d\u2019apprentissage et de croissance personnelle. Sans compter qu\u2019ici, on vous donne carte blanche afin de mettre en pratique vos connaissances et de continuer \u00e0 les perfectionner. Travaillez avec des \u00e9quipes motiv\u00e9es et dynamiques, toujours en pleine \u00e9volution.<\/p><p class=\"punchline-paragraph\">Voudriez-vous faire partie de notre projet ? Si oui, <a href=\"https:\/\/gtegroupe.com\/index.php\/contact\/\" target=\"_blank\" rel=\"noopener\">contactez-nous<\/a> !<\/p>\t\t\t\t\t\t\t\t<\/div>\n\t\t\t\t<\/div>\n\t\t\t\t\t<\/div>\n\t\t\t\t<\/div>\n\t\t\t\t<\/div>\n\t\t\t\t\t<\/div>\n\t\t\t\t<\/div>\n\t\t\t\t<\/div>\n\t\t","protected":false},"excerpt":{"rendered":"<p>Contactez-nous d\u00e8s aujourd&rsquo;hui Nous encourageons l\u2019innovation, l\u2019esprit d\u2019\u00e9quipe, l\u2019int\u00e9grit\u00e9 et la loyaut\u00e9.\u00a0 Devenir membre du projet GTE Automotive, cela veut [&hellip;]<\/p>\n","protected":false},"author":1,"featured_media":0,"parent":0,"menu_order":0,"comment_status":"closed","ping_status":"closed","template":"","meta":{"site-sidebar-layout":"default","site-content-layout":"","ast-site-content-layout":"default","site-content-style":"default","site-sidebar-style":"default","ast-global-header-display":"","ast-banner-title-visibility":"","ast-main-header-display":"","ast-hfb-above-header-display":"","ast-hfb-below-header-display":"","ast-hfb-mobile-header-display":"","site-post-title":"","ast-breadcrumbs-content":"","ast-featured-img":"","footer-sml-layout":"","theme-transparent-header-meta":"","adv-header-id-meta":"","stick-header-meta":"","header-above-stick-meta":"","header-main-stick-meta":"","header-below-stick-meta":"","astra-migrate-meta-layouts":"default","ast-page-background-enabled":"default","ast-page-background-meta":{"desktop":{"background-color":"var(--ast-global-color-5)","background-image":"","background-repeat":"repeat","background-position":"center center","background-size":"auto","background-attachment":"scroll","background-type":"","background-media":"","overlay-type":"","overlay-color":"","overlay-opacity":"","overlay-gradient":""},"tablet":{"background-color":"","background-image":"","background-repeat":"repeat","background-position":"center center","background-size":"auto","background-attachment":"scroll","background-type":"","background-media":"","overlay-type":"","overlay-color":"","overlay-opacity":"","overlay-gradient":""},"mobile":{"background-color":"","background-image":"","background-repeat":"repeat","background-position":"center center","background-size":"auto","background-attachment":"scroll","background-type":"","background-media":"","overlay-type":"","overlay-color":"","overlay-opacity":"","overlay-gradient":""}},"ast-content-background-meta":{"desktop":{"background-color":"var(--ast-global-color-4)","background-image":"","background-repeat":"repeat","background-position":"center center","background-size":"auto","background-attachment":"scroll","background-type":"","background-media":"","overlay-type":"","overlay-color":"","overlay-opacity":"","overlay-gradient":""},"tablet":{"background-color":"var(--ast-global-color-4)","background-image":"","background-repeat":"repeat","background-position":"center center","background-size":"auto","background-attachment":"scroll","background-type":"","background-media":"","overlay-type":"","overlay-color":"","overlay-opacity":"","overlay-gradient":""},"mobile":{"background-color":"var(--ast-global-color-4)","background-image":"","background-repeat":"repeat","background-position":"center center","background-size":"auto","background-attachment":"scroll","background-type":"","background-media":"","overlay-type":"","overlay-color":"","overlay-opacity":"","overlay-gradient":""}},"footnotes":""},"class_list":["post-4355","page","type-page","status-publish","hentry"],"yoast_head":"<!-- This site is optimized with the Yoast SEO plugin v27.3 - https:\/\/yoast.com\/product\/yoast-seo-wordpress\/ -->\n<title>On recrute ! - GTE Automotive<\/title>\n<meta name=\"robots\" content=\"index, follow, max-snippet:-1, max-image-preview:large, max-video-preview:-1\" \/>\n<link rel=\"canonical\" href=\"http:\/\/gtegroupe.com\/index.php\/on-recrute\/\" \/>\n<meta property=\"og:locale\" content=\"fr_FR\" \/>\n<meta property=\"og:type\" content=\"article\" \/>\n<meta property=\"og:title\" content=\"On recrute ! - GTE Automotive\" \/>\n<meta property=\"og:description\" content=\"Contactez-nous d\u00e8s aujourd&rsquo;hui Nous encourageons l\u2019innovation, l\u2019esprit d\u2019\u00e9quipe, l\u2019int\u00e9grit\u00e9 et la loyaut\u00e9.\u00a0 Devenir membre du projet GTE Automotive, cela veut [&hellip;]\" \/>\n<meta property=\"og:url\" content=\"http:\/\/gtegroupe.com\/index.php\/on-recrute\/\" \/>\n<meta property=\"og:site_name\" content=\"GTE Automotive\" \/>\n<meta property=\"article:modified_time\" content=\"2024-07-13T13:54:33+00:00\" \/>\n<meta property=\"og:image\" content=\"http:\/\/gtegroupe.com\/wp-content\/uploads\/2024\/03\/computer-1867758_1920.jpg\" \/>\n<meta name=\"twitter:card\" content=\"summary_large_image\" \/>\n<meta name=\"twitter:label1\" content=\"Dur\u00e9e de lecture estim\u00e9e\" \/>\n\t<meta name=\"twitter:data1\" content=\"1 minute\" \/>\n<script type=\"application\/ld+json\" class=\"yoast-schema-graph\">{\"@context\":\"https:\\\/\\\/schema.org\",\"@graph\":[{\"@type\":\"WebPage\",\"@id\":\"http:\\\/\\\/gtegroupe.com\\\/index.php\\\/on-recrute\\\/\",\"url\":\"http:\\\/\\\/gtegroupe.com\\\/index.php\\\/on-recrute\\\/\",\"name\":\"On recrute ! - GTE Automotive\",\"isPartOf\":{\"@id\":\"http:\\\/\\\/gtegroupe.com\\\/#website\"},\"primaryImageOfPage\":{\"@id\":\"http:\\\/\\\/gtegroupe.com\\\/index.php\\\/on-recrute\\\/#primaryimage\"},\"image\":{\"@id\":\"http:\\\/\\\/gtegroupe.com\\\/index.php\\\/on-recrute\\\/#primaryimage\"},\"thumbnailUrl\":\"http:\\\/\\\/gtegroupe.com\\\/wp-content\\\/uploads\\\/2024\\\/03\\\/computer-1867758_1920.jpg\",\"datePublished\":\"2024-06-13T13:37:00+00:00\",\"dateModified\":\"2024-07-13T13:54:33+00:00\",\"breadcrumb\":{\"@id\":\"http:\\\/\\\/gtegroupe.com\\\/index.php\\\/on-recrute\\\/#breadcrumb\"},\"inLanguage\":\"fr-FR\",\"potentialAction\":[{\"@type\":\"ReadAction\",\"target\":[\"http:\\\/\\\/gtegroupe.com\\\/index.php\\\/on-recrute\\\/\"]}]},{\"@type\":\"ImageObject\",\"inLanguage\":\"fr-FR\",\"@id\":\"http:\\\/\\\/gtegroupe.com\\\/index.php\\\/on-recrute\\\/#primaryimage\",\"url\":\"http:\\\/\\\/gtegroupe.com\\\/wp-content\\\/uploads\\\/2024\\\/03\\\/computer-1867758_1920.jpg\",\"contentUrl\":\"http:\\\/\\\/gtegroupe.com\\\/wp-content\\\/uploads\\\/2024\\\/03\\\/computer-1867758_1920.jpg\"},{\"@type\":\"BreadcrumbList\",\"@id\":\"http:\\\/\\\/gtegroupe.com\\\/index.php\\\/on-recrute\\\/#breadcrumb\",\"itemListElement\":[{\"@type\":\"ListItem\",\"position\":1,\"name\":\"Accueil\",\"item\":\"http:\\\/\\\/gtegroupe.com\\\/\"},{\"@type\":\"ListItem\",\"position\":2,\"name\":\"On recrute !\"}]},{\"@type\":\"WebSite\",\"@id\":\"http:\\\/\\\/gtegroupe.com\\\/#website\",\"url\":\"http:\\\/\\\/gtegroupe.com\\\/\",\"name\":\"Site GTE Automotive\",\"description\":\"Vous transporter vers l&#039;avenir\",\"publisher\":{\"@id\":\"http:\\\/\\\/gtegroupe.com\\\/#organization\"},\"potentialAction\":[{\"@type\":\"SearchAction\",\"target\":{\"@type\":\"EntryPoint\",\"urlTemplate\":\"http:\\\/\\\/gtegroupe.com\\\/?s={search_term_string}\"},\"query-input\":{\"@type\":\"PropertyValueSpecification\",\"valueRequired\":true,\"valueName\":\"search_term_string\"}}],\"inLanguage\":\"fr-FR\"},{\"@type\":\"Organization\",\"@id\":\"http:\\\/\\\/gtegroupe.com\\\/#organization\",\"name\":\"GTE-Automotive\",\"url\":\"http:\\\/\\\/gtegroupe.com\\\/\",\"logo\":{\"@type\":\"ImageObject\",\"inLanguage\":\"fr-FR\",\"@id\":\"http:\\\/\\\/gtegroupe.com\\\/#\\\/schema\\\/logo\\\/image\\\/\",\"url\":\"http:\\\/\\\/gtegroupe.com\\\/wp-content\\\/uploads\\\/2024\\\/07\\\/gte-automotive-blc.png\",\"contentUrl\":\"http:\\\/\\\/gtegroupe.com\\\/wp-content\\\/uploads\\\/2024\\\/07\\\/gte-automotive-blc.png\",\"width\":1861,\"height\":1142,\"caption\":\"GTE-Automotive\"},\"image\":{\"@id\":\"http:\\\/\\\/gtegroupe.com\\\/#\\\/schema\\\/logo\\\/image\\\/\"}}]}<\/script>\n<!-- \/ Yoast SEO plugin. -->","yoast_head_json":{"title":"On recrute ! - GTE Automotive","robots":{"index":"index","follow":"follow","max-snippet":"max-snippet:-1","max-image-preview":"max-image-preview:large","max-video-preview":"max-video-preview:-1"},"canonical":"http:\/\/gtegroupe.com\/index.php\/on-recrute\/","og_locale":"fr_FR","og_type":"article","og_title":"On recrute ! - GTE Automotive","og_description":"Contactez-nous d\u00e8s aujourd&rsquo;hui Nous encourageons l\u2019innovation, l\u2019esprit d\u2019\u00e9quipe, l\u2019int\u00e9grit\u00e9 et la loyaut\u00e9.\u00a0 Devenir membre du projet GTE Automotive, cela veut [&hellip;]","og_url":"http:\/\/gtegroupe.com\/index.php\/on-recrute\/","og_site_name":"GTE Automotive","article_modified_time":"2024-07-13T13:54:33+00:00","og_image":[{"url":"http:\/\/gtegroupe.com\/wp-content\/uploads\/2024\/03\/computer-1867758_1920.jpg","type":"","width":"","height":""}],"twitter_card":"summary_large_image","twitter_misc":{"Dur\u00e9e de lecture estim\u00e9e":"1 minute"},"schema":{"@context":"https:\/\/schema.org","@graph":[{"@type":"WebPage","@id":"http:\/\/gtegroupe.com\/index.php\/on-recrute\/","url":"http:\/\/gtegroupe.com\/index.php\/on-recrute\/","name":"On recrute ! - GTE Automotive","isPartOf":{"@id":"http:\/\/gtegroupe.com\/#website"},"primaryImageOfPage":{"@id":"http:\/\/gtegroupe.com\/index.php\/on-recrute\/#primaryimage"},"image":{"@id":"http:\/\/gtegroupe.com\/index.php\/on-recrute\/#primaryimage"},"thumbnailUrl":"http:\/\/gtegroupe.com\/wp-content\/uploads\/2024\/03\/computer-1867758_1920.jpg","datePublished":"2024-06-13T13:37:00+00:00","dateModified":"2024-07-13T13:54:33+00:00","breadcrumb":{"@id":"http:\/\/gtegroupe.com\/index.php\/on-recrute\/#breadcrumb"},"inLanguage":"fr-FR","potentialAction":[{"@type":"ReadAction","target":["http:\/\/gtegroupe.com\/index.php\/on-recrute\/"]}]},{"@type":"ImageObject","inLanguage":"fr-FR","@id":"http:\/\/gtegroupe.com\/index.php\/on-recrute\/#primaryimage","url":"http:\/\/gtegroupe.com\/wp-content\/uploads\/2024\/03\/computer-1867758_1920.jpg","contentUrl":"http:\/\/gtegroupe.com\/wp-content\/uploads\/2024\/03\/computer-1867758_1920.jpg"},{"@type":"BreadcrumbList","@id":"http:\/\/gtegroupe.com\/index.php\/on-recrute\/#breadcrumb","itemListElement":[{"@type":"ListItem","position":1,"name":"Accueil","item":"http:\/\/gtegroupe.com\/"},{"@type":"ListItem","position":2,"name":"On recrute !"}]},{"@type":"WebSite","@id":"http:\/\/gtegroupe.com\/#website","url":"http:\/\/gtegroupe.com\/","name":"Site GTE Automotive","description":"Vous transporter vers l&#039;avenir","publisher":{"@id":"http:\/\/gtegroupe.com\/#organization"},"potentialAction":[{"@type":"SearchAction","target":{"@type":"EntryPoint","urlTemplate":"http:\/\/gtegroupe.com\/?s={search_term_string}"},"query-input":{"@type":"PropertyValueSpecification","valueRequired":true,"valueName":"search_term_string"}}],"inLanguage":"fr-FR"},{"@type":"Organization","@id":"http:\/\/gtegroupe.com\/#organization","name":"GTE-Automotive","url":"http:\/\/gtegroupe.com\/","logo":{"@type":"ImageObject","inLanguage":"fr-FR","@id":"http:\/\/gtegroupe.com\/#\/schema\/logo\/image\/","url":"http:\/\/gtegroupe.com\/wp-content\/uploads\/2024\/07\/gte-automotive-blc.png","contentUrl":"http:\/\/gtegroupe.com\/wp-content\/uploads\/2024\/07\/gte-automotive-blc.png","width":1861,"height":1142,"caption":"GTE-Automotive"},"image":{"@id":"http:\/\/gtegroupe.com\/#\/schema\/logo\/image\/"}}]}},"_links":{"self":[{"href":"http:\/\/gtegroupe.com\/index.php\/wp-json\/wp\/v2\/pages\/4355","targetHints":{"allow":["GET"]}}],"collection":[{"href":"http:\/\/gtegroupe.com\/index.php\/wp-json\/wp\/v2\/pages"}],"about":[{"href":"http:\/\/gtegroupe.com\/index.php\/wp-json\/wp\/v2\/types\/page"}],"author":[{"embeddable":true,"href":"http:\/\/gtegroupe.com\/index.php\/wp-json\/wp\/v2\/users\/1"}],"replies":[{"embeddable":true,"href":"http:\/\/gtegroupe.com\/index.php\/wp-json\/wp\/v2\/comments?post=4355"}],"version-history":[{"count":7,"href":"http:\/\/gtegroupe.com\/index.php\/wp-json\/wp\/v2\/pages\/4355\/revisions"}],"predecessor-version":[{"id":4469,"href":"http:\/\/gtegroupe.com\/index.php\/wp-json\/wp\/v2\/pages\/4355\/revisions\/4469"}],"wp:attachment":[{"href":"http:\/\/gtegroupe.com\/index.php\/wp-json\/wp\/v2\/media?parent=4355"}],"curies":[{"name":"wp","href":"https:\/\/api.w.org\/{rel}","templated":true}]}}